{"id":845,"date":"2023-11-29T11:39:41","date_gmt":"2023-11-29T11:39:41","guid":{"rendered":"https:\/\/goodplacesutivan.com\/?post_type=product&#038;p=845"},"modified":"2026-02-13T14:26:26","modified_gmt":"2026-02-13T13:26:26","slug":"studio-middlefloor-east-21","status":"publish","type":"product","link":"https:\/\/goodplacesutivan.com\/it\/prodotto\/studio-middlefloor-east-21\/","title":{"rendered":"Studio - Piano intermedio - Est (#21)"},"content":{"rendered":"<p>Fuggi in un mondo di eleganza e comfort nel nostro monolocale di 25 metri quadrati al The Good Place. Progettato con una miscela armoniosa di lusso moderno e tranquillit\u00e0 costiera, questo appartamento \u00e8 il rifugio perfetto per una fuga romantica o una tranquilla avventura da solista.<\/p>\n<p>&nbsp;<\/p>\n<p>Dal momento in cui entrerai, sarai avvolto dal calore delle finiture in legno naturale e dalla raffinatezza dei toni scuri e bianchi, a contrasto. Lo spazio a pianta aperta \u00e8 sapientemente progettato per massimizzare il comfort senza sacrificare lo stile. Un lussuoso letto queen-size, vestito con biancheria di prima qualit\u00e0, promette un sonno riposante, mentre la dolce brezza marina sussurra attraverso le porte della terrazza, offrendo una ninna nanna naturale.<\/p>\n<p>&nbsp;<\/p>\n<p>Lo spazio abitativo \u00e8 adornato con arredi eleganti e illuminazione di design che creano un'atmosfera moderna e invitante. Ti aspetta un elegante angolo cottura completamente attrezzato, completo di fornello elettrico, forno a microonde e gli ultimi gadget da cucina tra cui un bollitore e un tostapane Tefal e una macchina da caff\u00e8 Nespresso che renderanno la tua mattinata un'esperienza deliziosa. Che tu stia preparando un caff\u00e8 o gustando un pasto fatto in casa sull'elegante tavolo da pranzo, ogni dettaglio \u00e8 stato considerato per la tua comodit\u00e0. L'angolo cottura dispone anche di una comoda lavastoviglie, cos\u00ec che anche la pulizia sar\u00e0 un gioco da ragazzi durante la vita vacanziera.<\/p>\n<p>&nbsp;<\/p>\n<p>Entra nel bagno moderno, dove linee pulite e accessori di fascia alta, tra cui una doccia spaziosa e morbidi asciugamani, offrono un'esperienza rinfrescante.<\/p>\n<p>&nbsp;<\/p>\n<p>La tua terrazza privata \u00e8 un'oasi serena, dove puoi crogiolarti nella vista mozzafiato sul Mare Adriatico e sulle montagne lontane. \u00c8 il luogo perfetto per un bicchiere di vino serale o una tranquilla contemplazione mattutina, circondati dal verde lussureggiante dei giardini.<\/p>\n<p>&nbsp;<\/p>\n<p>Questo appartamento non \u00e8 solo un posto dove stare; \u00e8 una destinazione a s\u00e9 stante, dove ogni dettaglio riecheggia la bellezza del mare e l'eleganza di The Good Place. Prenota il tuo soggiorno con noi e concediti il lusso della semplicit\u00e0, dove ogni momento \u00e8 mozzafiato come il panorama.<\/p>","protected":false},"excerpt":{"rendered":"<p>Escape to a world of elegance and comfort in our 25 square meter studio apartment at The Good Place. Designed with a harmonious blend of modern luxury and coastal tranquility, this apartment is your perfect retreat for a romantic getaway or a peaceful solo adventure. &nbsp; From the moment you step inside, you&#8217;ll be enveloped [&hellip;]<\/p>","protected":false},"featured_media":1475,"comment_status":"open","ping_status":"closed","template":"","meta":{"_jf_schedule_form":""},"product_brand":[],"product_cat":[17],"product_tag":[],"szoba_opciok":[],"class_list":{"0":"post-845","1":"product","2":"type-product","3":"status-publish","4":"has-post-thumbnail","6":"product_cat-uncategorised","8":"first","9":"instock","10":"virtual","11":"sold-individually","12":"purchasable","13":"product-type-jet_booking"},"yoast_head":"<!-- This site is optimized with the Yoast SEO plugin v26.6 - https:\/\/yoast.com\/wordpress\/plugins\/seo\/ -->\n<title>Studio - Middle Floor - East (#21) - goodplacesutivan.com<\/title>\n<meta name=\"robots\" content=\"index, follow, max-snippet:-1, max-image-preview:large, max-video-preview:-1\" \/>\n<link rel=\"canonical\" href=\"https:\/\/goodplacesutivan.com\/it\/prodotto\/studio-middlefloor-east-21\/\" \/>\n<meta property=\"og:locale\" content=\"it_IT\" \/>\n<meta property=\"og:type\" content=\"article\" \/>\n<meta property=\"og:title\" content=\"Studio - Middle Floor - East (#21) - goodplacesutivan.com\" \/>\n<meta property=\"og:description\" content=\"Escape to a world of elegance and comfort in our 25 square meter studio apartment at The Good Place. Designed with a harmonious blend of modern luxury and coastal tranquility, this apartment is your perfect retreat for a romantic getaway or a peaceful solo adventure. &nbsp; From the moment you step inside, you&#8217;ll be enveloped [&hellip;]\" \/>\n<meta property=\"og:url\" content=\"https:\/\/goodplacesutivan.com\/it\/prodotto\/studio-middlefloor-east-21\/\" \/>\n<meta property=\"og:site_name\" content=\"goodplacesutivan.com\" \/>\n<meta property=\"article:modified_time\" content=\"2026-02-13T13:26:26+00:00\" \/>\n<meta property=\"og:image\" content=\"http:\/\/goodplacesutivan.com\/wp-content\/uploads\/2023\/11\/R1A0219-scaled.jpg\" \/>\n\t<meta property=\"og:image:width\" content=\"2560\" \/>\n\t<meta property=\"og:image:height\" content=\"1707\" \/>\n\t<meta property=\"og:image:type\" content=\"image\/jpeg\" \/>\n<meta name=\"twitter:card\" content=\"summary_large_image\" \/>\n<meta name=\"twitter:label1\" content=\"Tempo di lettura stimato\" \/>\n\t<meta name=\"twitter:data1\" content=\"2 minuti\" \/>\n<script type=\"application\/ld+json\" class=\"yoast-schema-graph\">{\"@context\":\"https:\/\/schema.org\",\"@graph\":[{\"@type\":\"WebPage\",\"@id\":\"https:\/\/goodplacesutivan.com\/product\/studio-middlefloor-east-21\/\",\"url\":\"https:\/\/goodplacesutivan.com\/product\/studio-middlefloor-east-21\/\",\"name\":\"Studio - Middle Floor - East (#21) - goodplacesutivan.com\",\"isPartOf\":{\"@id\":\"https:\/\/goodplacesutivan.com\/#website\"},\"primaryImageOfPage\":{\"@id\":\"https:\/\/goodplacesutivan.com\/product\/studio-middlefloor-east-21\/#primaryimage\"},\"image\":{\"@id\":\"https:\/\/goodplacesutivan.com\/product\/studio-middlefloor-east-21\/#primaryimage\"},\"thumbnailUrl\":\"https:\/\/goodplacesutivan.com\/wp-content\/uploads\/2023\/11\/R1A0219-scaled.jpg\",\"datePublished\":\"2023-11-29T11:39:41+00:00\",\"dateModified\":\"2026-02-13T13:26:26+00:00\",\"breadcrumb\":{\"@id\":\"https:\/\/goodplacesutivan.com\/product\/studio-middlefloor-east-21\/#breadcrumb\"},\"inLanguage\":\"it-IT\",\"potentialAction\":[{\"@type\":\"ReadAction\",\"target\":[\"https:\/\/goodplacesutivan.com\/product\/studio-middlefloor-east-21\/\"]}]},{\"@type\":\"ImageObject\",\"inLanguage\":\"it-IT\",\"@id\":\"https:\/\/goodplacesutivan.com\/product\/studio-middlefloor-east-21\/#primaryimage\",\"url\":\"https:\/\/goodplacesutivan.com\/wp-content\/uploads\/2023\/11\/R1A0219-scaled.jpg\",\"contentUrl\":\"https:\/\/goodplacesutivan.com\/wp-content\/uploads\/2023\/11\/R1A0219-scaled.jpg\",\"width\":2560,\"height\":1707},{\"@type\":\"BreadcrumbList\",\"@id\":\"https:\/\/goodplacesutivan.com\/product\/studio-middlefloor-east-21\/#breadcrumb\",\"itemListElement\":[{\"@type\":\"ListItem\",\"position\":1,\"name\":\"Home\",\"item\":\"https:\/\/goodplacesutivan.com\/\"},{\"@type\":\"ListItem\",\"position\":2,\"name\":\"Shop\",\"item\":\"https:\/\/goodplacesutivan.com\/shop\/\"},{\"@type\":\"ListItem\",\"position\":3,\"name\":\"Studio &#8211; Middle Floor &#8211; East (#21)\"}]},{\"@type\":\"WebSite\",\"@id\":\"https:\/\/goodplacesutivan.com\/#website\",\"url\":\"https:\/\/goodplacesutivan.com\/\",\"name\":\"goodplacesutivan.com\",\"description\":\"\",\"publisher\":{\"@id\":\"https:\/\/goodplacesutivan.com\/#organization\"},\"potentialAction\":[{\"@type\":\"SearchAction\",\"target\":{\"@type\":\"EntryPoint\",\"urlTemplate\":\"https:\/\/goodplacesutivan.com\/?s={search_term_string}\"},\"query-input\":{\"@type\":\"PropertyValueSpecification\",\"valueRequired\":true,\"valueName\":\"search_term_string\"}}],\"inLanguage\":\"it-IT\"},{\"@type\":\"Organization\",\"@id\":\"https:\/\/goodplacesutivan.com\/#organization\",\"name\":\"goodplacesutivan.com\",\"url\":\"https:\/\/goodplacesutivan.com\/\",\"logo\":{\"@type\":\"ImageObject\",\"inLanguage\":\"it-IT\",\"@id\":\"https:\/\/goodplacesutivan.com\/#\/schema\/logo\/image\/\",\"url\":\"https:\/\/goodplacesutivan.com\/wp-content\/uploads\/2023\/10\/sotetebb_TGP_Logo.png\",\"contentUrl\":\"https:\/\/goodplacesutivan.com\/wp-content\/uploads\/2023\/10\/sotetebb_TGP_Logo.png\",\"width\":500,\"height\":500,\"caption\":\"goodplacesutivan.com\"},\"image\":{\"@id\":\"https:\/\/goodplacesutivan.com\/#\/schema\/logo\/image\/\"}}]}<\/script>\n<!-- \/ Yoast SEO plugin. -->","yoast_head_json":{"title":"Studio - Middle Floor - East (#21) - goodplacesutivan.com","robots":{"index":"index","follow":"follow","max-snippet":"max-snippet:-1","max-image-preview":"max-image-preview:large","max-video-preview":"max-video-preview:-1"},"canonical":"https:\/\/goodplacesutivan.com\/it\/prodotto\/studio-middlefloor-east-21\/","og_locale":"it_IT","og_type":"article","og_title":"Studio - Middle Floor - East (#21) - goodplacesutivan.com","og_description":"Escape to a world of elegance and comfort in our 25 square meter studio apartment at The Good Place. Designed with a harmonious blend of modern luxury and coastal tranquility, this apartment is your perfect retreat for a romantic getaway or a peaceful solo adventure. &nbsp; From the moment you step inside, you&#8217;ll be enveloped [&hellip;]","og_url":"https:\/\/goodplacesutivan.com\/it\/prodotto\/studio-middlefloor-east-21\/","og_site_name":"goodplacesutivan.com","article_modified_time":"2026-02-13T13:26:26+00:00","og_image":[{"width":2560,"height":1707,"url":"http:\/\/goodplacesutivan.com\/wp-content\/uploads\/2023\/11\/R1A0219-scaled.jpg","type":"image\/jpeg"}],"twitter_card":"summary_large_image","twitter_misc":{"Tempo di lettura stimato":"2 minuti"},"schema":{"@context":"https:\/\/schema.org","@graph":[{"@type":"WebPage","@id":"https:\/\/goodplacesutivan.com\/product\/studio-middlefloor-east-21\/","url":"https:\/\/goodplacesutivan.com\/product\/studio-middlefloor-east-21\/","name":"Studio - Middle Floor - East (#21) - goodplacesutivan.com","isPartOf":{"@id":"https:\/\/goodplacesutivan.com\/#website"},"primaryImageOfPage":{"@id":"https:\/\/goodplacesutivan.com\/product\/studio-middlefloor-east-21\/#primaryimage"},"image":{"@id":"https:\/\/goodplacesutivan.com\/product\/studio-middlefloor-east-21\/#primaryimage"},"thumbnailUrl":"https:\/\/goodplacesutivan.com\/wp-content\/uploads\/2023\/11\/R1A0219-scaled.jpg","datePublished":"2023-11-29T11:39:41+00:00","dateModified":"2026-02-13T13:26:26+00:00","breadcrumb":{"@id":"https:\/\/goodplacesutivan.com\/product\/studio-middlefloor-east-21\/#breadcrumb"},"inLanguage":"it-IT","potentialAction":[{"@type":"ReadAction","target":["https:\/\/goodplacesutivan.com\/product\/studio-middlefloor-east-21\/"]}]},{"@type":"ImageObject","inLanguage":"it-IT","@id":"https:\/\/goodplacesutivan.com\/product\/studio-middlefloor-east-21\/#primaryimage","url":"https:\/\/goodplacesutivan.com\/wp-content\/uploads\/2023\/11\/R1A0219-scaled.jpg","contentUrl":"https:\/\/goodplacesutivan.com\/wp-content\/uploads\/2023\/11\/R1A0219-scaled.jpg","width":2560,"height":1707},{"@type":"BreadcrumbList","@id":"https:\/\/goodplacesutivan.com\/product\/studio-middlefloor-east-21\/#breadcrumb","itemListElement":[{"@type":"ListItem","position":1,"name":"Home","item":"https:\/\/goodplacesutivan.com\/"},{"@type":"ListItem","position":2,"name":"Shop","item":"https:\/\/goodplacesutivan.com\/shop\/"},{"@type":"ListItem","position":3,"name":"Studio &#8211; Middle Floor &#8211; East (#21)"}]},{"@type":"WebSite","@id":"https:\/\/goodplacesutivan.com\/#website","url":"https:\/\/goodplacesutivan.com\/","name":"goodplacesutivan.com","description":"","publisher":{"@id":"https:\/\/goodplacesutivan.com\/#organization"},"potentialAction":[{"@type":"SearchAction","target":{"@type":"EntryPoint","urlTemplate":"https:\/\/goodplacesutivan.com\/?s={search_term_string}"},"query-input":{"@type":"PropertyValueSpecification","valueRequired":true,"valueName":"search_term_string"}}],"inLanguage":"it-IT"},{"@type":"Organization","@id":"https:\/\/goodplacesutivan.com\/#organization","name":"goodplacesutivan.com","url":"https:\/\/goodplacesutivan.com\/","logo":{"@type":"ImageObject","inLanguage":"it-IT","@id":"https:\/\/goodplacesutivan.com\/#\/schema\/logo\/image\/","url":"https:\/\/goodplacesutivan.com\/wp-content\/uploads\/2023\/10\/sotetebb_TGP_Logo.png","contentUrl":"https:\/\/goodplacesutivan.com\/wp-content\/uploads\/2023\/10\/sotetebb_TGP_Logo.png","width":500,"height":500,"caption":"goodplacesutivan.com"},"image":{"@id":"https:\/\/goodplacesutivan.com\/#\/schema\/logo\/image\/"}}]}},"_links":{"self":[{"href":"https:\/\/goodplacesutivan.com\/it\/wp-json\/wp\/v2\/product\/845","targetHints":{"allow":["GET"]}}],"collection":[{"href":"https:\/\/goodplacesutivan.com\/it\/wp-json\/wp\/v2\/product"}],"about":[{"href":"https:\/\/goodplacesutivan.com\/it\/wp-json\/wp\/v2\/types\/product"}],"replies":[{"embeddable":true,"href":"https:\/\/goodplacesutivan.com\/it\/wp-json\/wp\/v2\/comments?post=845"}],"wp:featuredmedia":[{"embeddable":true,"href":"https:\/\/goodplacesutivan.com\/it\/wp-json\/wp\/v2\/media\/1475"}],"wp:attachment":[{"href":"https:\/\/goodplacesutivan.com\/it\/wp-json\/wp\/v2\/media?parent=845"}],"wp:term":[{"taxonomy":"product_brand","embeddable":true,"href":"https:\/\/goodplacesutivan.com\/it\/wp-json\/wp\/v2\/product_brand?post=845"},{"taxonomy":"product_cat","embeddable":true,"href":"https:\/\/goodplacesutivan.com\/it\/wp-json\/wp\/v2\/product_cat?post=845"},{"taxonomy":"product_tag","embeddable":true,"href":"https:\/\/goodplacesutivan.com\/it\/wp-json\/wp\/v2\/product_tag?post=845"},{"taxonomy":"szoba_opciok","embeddable":true,"href":"https:\/\/goodplacesutivan.com\/it\/wp-json\/wp\/v2\/szoba_opciok?post=845"}],"curies":[{"name":"wp","href":"https:\/\/api.w.org\/{rel}","templated":true}]}}