{"id":843,"date":"2023-11-30T11:35:26","date_gmt":"2023-11-30T11:35:26","guid":{"rendered":"https:\/\/goodplacesutivan.com\/?post_type=product&#038;p=843"},"modified":"2026-02-13T14:23:53","modified_gmt":"2026-02-13T13:23:53","slug":"studio-topfloor-east-31","status":"publish","type":"product","link":"https:\/\/goodplacesutivan.com\/it\/prodotto\/studio-topfloor-east-31\/","title":{"rendered":"Studio - Piano pi\u00f9 alto - Est (#31)"},"content":{"rendered":"<p>Entra in uno spazio dove stile e comfort si fondono magnificamente nel nostro monolocale di 25 metri quadrati, progettato per coloro che apprezzano il fascino della vita moderna in riva al mare. L'appartamento cattura lo spirito vibrante di Sutivan, offrendo agli ospiti un rifugio accogliente ma elegante.<\/p>\n<p>&nbsp;<\/p>\n<p>Dal momento in cui entrerai, sarai avvolto dal calore delle finiture in legno naturale e dalla raffinatezza dei toni scuri e bianchi, a contrasto. Lo spazio a pianta aperta \u00e8 sapientemente progettato per massimizzare il comfort senza sacrificare lo stile. Un lussuoso letto queen-size, vestito con biancheria di prima qualit\u00e0, promette un sonno riposante, mentre la dolce brezza marina sussurra attraverso le porte della terrazza, offrendo una ninna nanna naturale.<\/p>\n<p>&nbsp;<\/p>\n<p>Lo spazio abitativo \u00e8 adornato con arredi eleganti e illuminazione rustica che creano un'atmosfera accogliente e invitante. Ti aspetta un elegante angolo cottura completamente attrezzato, completo di fornello elettrico, forno a microonde e gli ultimi gadget da cucina tra cui un bollitore, un tostapane Tefal e una macchina da caff\u00e8 Nespresso. \u00c8 pronto, vanta mobili eleganti e gli elettrodomestici pi\u00f9 recenti, inclusa la comodit\u00e0 di una lavastoviglie, assicurando che il tuo soggiorno sia tanto pratico quanto lussuoso. Che tu stia preparando una colazione veloce o una cena romantica, l'angolo cottura offre tutto ci\u00f2 di cui hai bisogno con un tocco di stile in pi\u00f9.<\/p>\n<p>&nbsp;<\/p>\n<p>Il bagno riecheggia l'atmosfera naturale dell'appartamento, con una cabina doccia rivestita in vetro che esemplifica il design contemporaneo. Qui, ogni dettaglio, dai soffici asciugamani agli arredi di design, \u00e8 accuratamente selezionato per garantire il vostro comfort e comodit\u00e0.<\/p>\n<p>&nbsp;<\/p>\n<p>Le eleganti tende scivolano via per rivelare una vista che ti toglier\u00e0 il fiato: una vista panoramica sul mare Adriatico. Esci sul balcone, un'estensione essenziale dello spazio abitativo, dove potrai immergerti nell'atmosfera costiera su una terrazza di 6 metri quadrati. \u00c8 il luogo perfetto per un bicchiere di vino serale o una tranquilla contemplazione mattutina.<\/p>\n<p>&nbsp;<\/p>\n<p>Questo appartamento non \u00e8 solo un posto dove stare; \u00e8 uno spazio creato per i ricordi, una tela per le storie delle tue vacanze. Prenota il tuo soggiorno con noi e concediti il lusso della natura, dove ogni momento \u00e8 mozzafiato come la vista dal balcone.<\/p>","protected":false},"excerpt":{"rendered":"<p>Step into a space where style and comfort coalesce beautifully in our 25 square meter studio apartment, designed for those who appreciate the flair of modern living by the sea. The apartment captures the vibrant spirit of Sutivan, offering guests a homely yet elegant sanctuary. &nbsp; From the moment you step inside, you&#8217;ll be enveloped [&hellip;]<\/p>","protected":false},"featured_media":1987,"comment_status":"open","ping_status":"closed","template":"","meta":{"_jf_schedule_form":""},"product_brand":[],"product_cat":[17],"product_tag":[],"szoba_opciok":[],"class_list":{"0":"post-843","1":"product","2":"type-product","3":"status-publish","4":"has-post-thumbnail","6":"product_cat-uncategorised","8":"first","9":"instock","10":"virtual","11":"sold-individually","12":"purchasable","13":"product-type-jet_booking"},"yoast_head":"<!-- This site is optimized with the Yoast SEO plugin v26.6 - https:\/\/yoast.com\/wordpress\/plugins\/seo\/ -->\n<title>Studio - Top Floor - East (#31) - goodplacesutivan.com<\/title>\n<meta name=\"robots\" content=\"index, follow, max-snippet:-1, max-image-preview:large, max-video-preview:-1\" \/>\n<link rel=\"canonical\" href=\"https:\/\/goodplacesutivan.com\/it\/prodotto\/studio-topfloor-east-31\/\" \/>\n<meta property=\"og:locale\" content=\"it_IT\" \/>\n<meta property=\"og:type\" content=\"article\" \/>\n<meta property=\"og:title\" content=\"Studio - Top Floor - East (#31) - goodplacesutivan.com\" \/>\n<meta property=\"og:description\" content=\"Step into a space where style and comfort coalesce beautifully in our 25 square meter studio apartment, designed for those who appreciate the flair of modern living by the sea. The apartment captures the vibrant spirit of Sutivan, offering guests a homely yet elegant sanctuary. &nbsp; From the moment you step inside, you&#8217;ll be enveloped [&hellip;]\" \/>\n<meta property=\"og:url\" content=\"https:\/\/goodplacesutivan.com\/it\/prodotto\/studio-topfloor-east-31\/\" \/>\n<meta property=\"og:site_name\" content=\"goodplacesutivan.com\" \/>\n<meta property=\"article:modified_time\" content=\"2026-02-13T13:23:53+00:00\" \/>\n<meta property=\"og:image\" content=\"http:\/\/goodplacesutivan.com\/wp-content\/uploads\/2025\/02\/R1A0375-scaled-1.webp\" \/>\n\t<meta property=\"og:image:width\" content=\"2560\" \/>\n\t<meta property=\"og:image:height\" content=\"1707\" \/>\n\t<meta property=\"og:image:type\" content=\"image\/webp\" \/>\n<meta name=\"twitter:card\" content=\"summary_large_image\" \/>\n<meta name=\"twitter:label1\" content=\"Tempo di lettura stimato\" \/>\n\t<meta name=\"twitter:data1\" content=\"2 minuti\" \/>\n<script type=\"application\/ld+json\" class=\"yoast-schema-graph\">{\"@context\":\"https:\/\/schema.org\",\"@graph\":[{\"@type\":\"WebPage\",\"@id\":\"https:\/\/goodplacesutivan.com\/product\/studio-topfloor-east-31\/\",\"url\":\"https:\/\/goodplacesutivan.com\/product\/studio-topfloor-east-31\/\",\"name\":\"Studio - Top Floor - East (#31) - goodplacesutivan.com\",\"isPartOf\":{\"@id\":\"https:\/\/goodplacesutivan.com\/#website\"},\"primaryImageOfPage\":{\"@id\":\"https:\/\/goodplacesutivan.com\/product\/studio-topfloor-east-31\/#primaryimage\"},\"image\":{\"@id\":\"https:\/\/goodplacesutivan.com\/product\/studio-topfloor-east-31\/#primaryimage\"},\"thumbnailUrl\":\"https:\/\/goodplacesutivan.com\/wp-content\/uploads\/2025\/02\/R1A0375-scaled-1.webp\",\"datePublished\":\"2023-11-30T11:35:26+00:00\",\"dateModified\":\"2026-02-13T13:23:53+00:00\",\"breadcrumb\":{\"@id\":\"https:\/\/goodplacesutivan.com\/product\/studio-topfloor-east-31\/#breadcrumb\"},\"inLanguage\":\"it-IT\",\"potentialAction\":[{\"@type\":\"ReadAction\",\"target\":[\"https:\/\/goodplacesutivan.com\/product\/studio-topfloor-east-31\/\"]}]},{\"@type\":\"ImageObject\",\"inLanguage\":\"it-IT\",\"@id\":\"https:\/\/goodplacesutivan.com\/product\/studio-topfloor-east-31\/#primaryimage\",\"url\":\"https:\/\/goodplacesutivan.com\/wp-content\/uploads\/2025\/02\/R1A0375-scaled-1.webp\",\"contentUrl\":\"https:\/\/goodplacesutivan.com\/wp-content\/uploads\/2025\/02\/R1A0375-scaled-1.webp\",\"width\":2560,\"height\":1707},{\"@type\":\"BreadcrumbList\",\"@id\":\"https:\/\/goodplacesutivan.com\/product\/studio-topfloor-east-31\/#breadcrumb\",\"itemListElement\":[{\"@type\":\"ListItem\",\"position\":1,\"name\":\"Home\",\"item\":\"https:\/\/goodplacesutivan.com\/\"},{\"@type\":\"ListItem\",\"position\":2,\"name\":\"Shop\",\"item\":\"https:\/\/goodplacesutivan.com\/shop\/\"},{\"@type\":\"ListItem\",\"position\":3,\"name\":\"Studio &#8211; Top Floor &#8211; East (#31)\"}]},{\"@type\":\"WebSite\",\"@id\":\"https:\/\/goodplacesutivan.com\/#website\",\"url\":\"https:\/\/goodplacesutivan.com\/\",\"name\":\"goodplacesutivan.com\",\"description\":\"\",\"publisher\":{\"@id\":\"https:\/\/goodplacesutivan.com\/#organization\"},\"potentialAction\":[{\"@type\":\"SearchAction\",\"target\":{\"@type\":\"EntryPoint\",\"urlTemplate\":\"https:\/\/goodplacesutivan.com\/?s={search_term_string}\"},\"query-input\":{\"@type\":\"PropertyValueSpecification\",\"valueRequired\":true,\"valueName\":\"search_term_string\"}}],\"inLanguage\":\"it-IT\"},{\"@type\":\"Organization\",\"@id\":\"https:\/\/goodplacesutivan.com\/#organization\",\"name\":\"goodplacesutivan.com\",\"url\":\"https:\/\/goodplacesutivan.com\/\",\"logo\":{\"@type\":\"ImageObject\",\"inLanguage\":\"it-IT\",\"@id\":\"https:\/\/goodplacesutivan.com\/#\/schema\/logo\/image\/\",\"url\":\"https:\/\/goodplacesutivan.com\/wp-content\/uploads\/2023\/10\/sotetebb_TGP_Logo.png\",\"contentUrl\":\"https:\/\/goodplacesutivan.com\/wp-content\/uploads\/2023\/10\/sotetebb_TGP_Logo.png\",\"width\":500,\"height\":500,\"caption\":\"goodplacesutivan.com\"},\"image\":{\"@id\":\"https:\/\/goodplacesutivan.com\/#\/schema\/logo\/image\/\"}}]}<\/script>\n<!-- \/ Yoast SEO plugin. -->","yoast_head_json":{"title":"Studio - Top Floor - East (#31) - goodplacesutivan.com","robots":{"index":"index","follow":"follow","max-snippet":"max-snippet:-1","max-image-preview":"max-image-preview:large","max-video-preview":"max-video-preview:-1"},"canonical":"https:\/\/goodplacesutivan.com\/it\/prodotto\/studio-topfloor-east-31\/","og_locale":"it_IT","og_type":"article","og_title":"Studio - Top Floor - East (#31) - goodplacesutivan.com","og_description":"Step into a space where style and comfort coalesce beautifully in our 25 square meter studio apartment, designed for those who appreciate the flair of modern living by the sea. The apartment captures the vibrant spirit of Sutivan, offering guests a homely yet elegant sanctuary. &nbsp; From the moment you step inside, you&#8217;ll be enveloped [&hellip;]","og_url":"https:\/\/goodplacesutivan.com\/it\/prodotto\/studio-topfloor-east-31\/","og_site_name":"goodplacesutivan.com","article_modified_time":"2026-02-13T13:23:53+00:00","og_image":[{"width":2560,"height":1707,"url":"http:\/\/goodplacesutivan.com\/wp-content\/uploads\/2025\/02\/R1A0375-scaled-1.webp","type":"image\/webp"}],"twitter_card":"summary_large_image","twitter_misc":{"Tempo di lettura stimato":"2 minuti"},"schema":{"@context":"https:\/\/schema.org","@graph":[{"@type":"WebPage","@id":"https:\/\/goodplacesutivan.com\/product\/studio-topfloor-east-31\/","url":"https:\/\/goodplacesutivan.com\/product\/studio-topfloor-east-31\/","name":"Studio - Top Floor - East (#31) - goodplacesutivan.com","isPartOf":{"@id":"https:\/\/goodplacesutivan.com\/#website"},"primaryImageOfPage":{"@id":"https:\/\/goodplacesutivan.com\/product\/studio-topfloor-east-31\/#primaryimage"},"image":{"@id":"https:\/\/goodplacesutivan.com\/product\/studio-topfloor-east-31\/#primaryimage"},"thumbnailUrl":"https:\/\/goodplacesutivan.com\/wp-content\/uploads\/2025\/02\/R1A0375-scaled-1.webp","datePublished":"2023-11-30T11:35:26+00:00","dateModified":"2026-02-13T13:23:53+00:00","breadcrumb":{"@id":"https:\/\/goodplacesutivan.com\/product\/studio-topfloor-east-31\/#breadcrumb"},"inLanguage":"it-IT","potentialAction":[{"@type":"ReadAction","target":["https:\/\/goodplacesutivan.com\/product\/studio-topfloor-east-31\/"]}]},{"@type":"ImageObject","inLanguage":"it-IT","@id":"https:\/\/goodplacesutivan.com\/product\/studio-topfloor-east-31\/#primaryimage","url":"https:\/\/goodplacesutivan.com\/wp-content\/uploads\/2025\/02\/R1A0375-scaled-1.webp","contentUrl":"https:\/\/goodplacesutivan.com\/wp-content\/uploads\/2025\/02\/R1A0375-scaled-1.webp","width":2560,"height":1707},{"@type":"BreadcrumbList","@id":"https:\/\/goodplacesutivan.com\/product\/studio-topfloor-east-31\/#breadcrumb","itemListElement":[{"@type":"ListItem","position":1,"name":"Home","item":"https:\/\/goodplacesutivan.com\/"},{"@type":"ListItem","position":2,"name":"Shop","item":"https:\/\/goodplacesutivan.com\/shop\/"},{"@type":"ListItem","position":3,"name":"Studio &#8211; Top Floor &#8211; East (#31)"}]},{"@type":"WebSite","@id":"https:\/\/goodplacesutivan.com\/#website","url":"https:\/\/goodplacesutivan.com\/","name":"goodplacesutivan.com","description":"","publisher":{"@id":"https:\/\/goodplacesutivan.com\/#organization"},"potentialAction":[{"@type":"SearchAction","target":{"@type":"EntryPoint","urlTemplate":"https:\/\/goodplacesutivan.com\/?s={search_term_string}"},"query-input":{"@type":"PropertyValueSpecification","valueRequired":true,"valueName":"search_term_string"}}],"inLanguage":"it-IT"},{"@type":"Organization","@id":"https:\/\/goodplacesutivan.com\/#organization","name":"goodplacesutivan.com","url":"https:\/\/goodplacesutivan.com\/","logo":{"@type":"ImageObject","inLanguage":"it-IT","@id":"https:\/\/goodplacesutivan.com\/#\/schema\/logo\/image\/","url":"https:\/\/goodplacesutivan.com\/wp-content\/uploads\/2023\/10\/sotetebb_TGP_Logo.png","contentUrl":"https:\/\/goodplacesutivan.com\/wp-content\/uploads\/2023\/10\/sotetebb_TGP_Logo.png","width":500,"height":500,"caption":"goodplacesutivan.com"},"image":{"@id":"https:\/\/goodplacesutivan.com\/#\/schema\/logo\/image\/"}}]}},"_links":{"self":[{"href":"https:\/\/goodplacesutivan.com\/it\/wp-json\/wp\/v2\/product\/843","targetHints":{"allow":["GET"]}}],"collection":[{"href":"https:\/\/goodplacesutivan.com\/it\/wp-json\/wp\/v2\/product"}],"about":[{"href":"https:\/\/goodplacesutivan.com\/it\/wp-json\/wp\/v2\/types\/product"}],"replies":[{"embeddable":true,"href":"https:\/\/goodplacesutivan.com\/it\/wp-json\/wp\/v2\/comments?post=843"}],"wp:featuredmedia":[{"embeddable":true,"href":"https:\/\/goodplacesutivan.com\/it\/wp-json\/wp\/v2\/media\/1987"}],"wp:attachment":[{"href":"https:\/\/goodplacesutivan.com\/it\/wp-json\/wp\/v2\/media?parent=843"}],"wp:term":[{"taxonomy":"product_brand","embeddable":true,"href":"https:\/\/goodplacesutivan.com\/it\/wp-json\/wp\/v2\/product_brand?post=843"},{"taxonomy":"product_cat","embeddable":true,"href":"https:\/\/goodplacesutivan.com\/it\/wp-json\/wp\/v2\/product_cat?post=843"},{"taxonomy":"product_tag","embeddable":true,"href":"https:\/\/goodplacesutivan.com\/it\/wp-json\/wp\/v2\/product_tag?post=843"},{"taxonomy":"szoba_opciok","embeddable":true,"href":"https:\/\/goodplacesutivan.com\/it\/wp-json\/wp\/v2\/szoba_opciok?post=843"}],"curies":[{"name":"wp","href":"https:\/\/api.w.org\/{rel}","templated":true}]}}