{"id":843,"date":"2023-11-30T11:35:26","date_gmt":"2023-11-30T11:35:26","guid":{"rendered":"https:\/\/goodplacesutivan.com\/?post_type=product&#038;p=843"},"modified":"2026-02-13T14:23:53","modified_gmt":"2026-02-13T13:23:53","slug":"studio-topfloor-east-31","status":"publish","type":"product","link":"https:\/\/goodplacesutivan.com\/hu\/termek\/studio-topfloor-east-31\/","title":{"rendered":"St\u00fadi\u00f3 \u2013 Legfels\u0151 emelet \u2013 Keleti oldal (#31)"},"content":{"rendered":"<p>A st\u00edlus \u00e9s a k\u00e9nyelem gy\u00f6ny\u00f6r\u0171en egyes\u00fcl 25 n\u00e9gyzetm\u00e9teres st\u00fadi\u00f3apartmanunkban, amelyet azok sz\u00e1m\u00e1ra tervezt\u00fcnk, akik \u00e9rt\u00e9kelik a modern tenger melletti \u00e9let hangulat\u00e1t. Az apartman megragadja Sutivan szellem\u00e9t, otthonos, m\u00e9gis eleg\u00e1ns szent\u00e9lyt k\u00edn\u00e1lva a vend\u00e9geknek.<\/p>\n<p>&nbsp;<\/p>\n<p>A term\u00e9szetes fa fel\u00fcletek melege, valamint a s\u00f6t\u00e9t \u00e9s feh\u00e9r, kontrasztos t\u00f3nusok kifinomults\u00e1ga m\u00e1r a bel\u00e9p\u00e9s pillanat\u00e1ban mag\u00e1val ragadj\u00e1k vend\u00e9geinket. A nyitott teret okosan tervezt\u00e9k, hogy maximaliz\u00e1lja a k\u00e9nyelmet a st\u00edlus fel\u00e1ldoz\u00e1sa n\u00e9lk\u00fcl. A pr\u00e9mium \u00e1gynem\u0171be \u00f6lt\u00f6z\u00f6tt francia\u00e1gy pihentet\u0151 \u00e9jszakai alv\u00e1st \u00edg\u00e9r, mik\u00f6zben a teraszajt\u00f3n \u00e1t a l\u00e1gy tengeri szell\u0151 suttog, term\u00e9szetes altat\u00f3dalt k\u00edn\u00e1lva.<\/p>\n<p>&nbsp;<\/p>\n<p>A lak\u00f3teret eleg\u00e1ns b\u00fatorok \u00e9s rusztikus vil\u00e1g\u00edt\u00e1s d\u00edsz\u00edti, amely hangulatos, h\u00edvogat\u00f3 l\u00e9gk\u00f6rt teremt. Teljesen felszerelt konyhasarok v\u00e1rja a vend\u00e9geket elektromos f\u0151z\u0151lappal, mikrohull\u00e1m\u00fa s\u00fct\u0151vel \u00e9s a leg\u00fajabb konyhai eszk\u00f6z\u00f6kkel, k\u00f6zt\u00fck Tefal v\u00edzforral\u00f3val \u00e9s keny\u00e9rpir\u00edt\u00f3val, valamint Nespresso k\u00e1v\u00e9f\u0151z\u0151vel. A konyha mosogat\u00f3g\u00e9ppel is fel van szerelve, \u00edgy biztos\u00edtva a praktikumot \u00e9s a pihen\u00e9st is az itt tart\u00f3zkod\u00e1s sor\u00e1n. Ak\u00e1r egy gyors reggelit, vagy egy romantikus vacsor\u00e1t k\u00e9sz\u00edt, a konyh\u00e1ban minden megtal\u00e1lhat\u00f3, amire sz\u00fcks\u00e9ge van.<\/p>\n<p>&nbsp;<\/p>\n<p>A f\u00fcrd\u0151szoba a lak\u00e1s term\u00e9szetes hangulat\u00e1t id\u00e9zi, az \u00fcvegbe burkolt zuhany modernit\u00e1s\u00e1val. Itt minden r\u00e9szlet, a t\u00f6r\u00f6lk\u00f6z\u0151kt\u0151l a berendez\u00e9si t\u00e1rgyakig gondosan ker\u00fclt kiv\u00e1laszt\u00e1sra, hogy biztos\u00edtsa a vend\u00e9gek k\u00e9nyelm\u00e9t.<\/p>\n<p>&nbsp;<\/p>\n<p>L\u00e9pjen ki a 6 n\u00e9gyzetm\u00e9teres erk\u00e9lyre, a lak\u00f3t\u00e9r elengedhetetlen b\u0151v\u00edtm\u00e9ny\u00e9re, ahol a panor\u00e1ma olyan l\u00e1tv\u00e1nyt ny\u00fajt, amivel nem lehet betelni. A tengerre ny\u00edl\u00f3 kil\u00e1t\u00e1snak k\u00f6sz\u00f6nhet\u0151en m\u00e1r az erk\u00e9lyen \u00e9lvezheti a tengerparti hangulatot. T\u00f6k\u00e9letes hely este egy poh\u00e1r borhoz vagy egy csendes reggeli elm\u00e9lked\u00e9shez.<\/p>\n<p>&nbsp;<\/p>\n<p>Ez az apartman nem csak egy sz\u00e1ll\u00e1s; ez egy eml\u00e9keknek kialak\u00edtott t\u00e9r, v\u00e1szon a kikapcsol\u00f3d\u00e1s \u00e9s a t\u00f6lt\u0151d\u00e9s t\u00f6rt\u00e9neteihez. Foglalja le n\u00e1lunk tart\u00f3zkod\u00e1s\u00e1t, \u00e9s \u00e9lvezze a term\u00e9szet luxus\u00e1t, ahol minden pillanat olyan l\u00e9legzetel\u00e1ll\u00edt\u00f3, mint az erk\u00e9lyr\u0151l ny\u00edl\u00f3 kil\u00e1t\u00e1s.<\/p>","protected":false},"excerpt":{"rendered":"<p>Step into a space where style and comfort coalesce beautifully in our 25 square meter studio apartment, designed for those who appreciate the flair of modern living by the sea. The apartment captures the vibrant spirit of Sutivan, offering guests a homely yet elegant sanctuary. &nbsp; From the moment you step inside, you&#8217;ll be enveloped [&hellip;]<\/p>","protected":false},"featured_media":1987,"comment_status":"open","ping_status":"closed","template":"","meta":{"_jf_schedule_form":""},"product_brand":[],"product_cat":[17],"product_tag":[],"szoba_opciok":[],"class_list":{"0":"post-843","1":"product","2":"type-product","3":"status-publish","4":"has-post-thumbnail","6":"product_cat-uncategorised","8":"first","9":"instock","10":"virtual","11":"sold-individually","12":"purchasable","13":"product-type-jet_booking"},"yoast_head":"<!-- This site is optimized with the Yoast SEO plugin v26.6 - https:\/\/yoast.com\/wordpress\/plugins\/seo\/ -->\n<title>Studio - Top Floor - East (#31) - goodplacesutivan.com<\/title>\n<meta name=\"robots\" content=\"index, follow, max-snippet:-1, max-image-preview:large, max-video-preview:-1\" \/>\n<link rel=\"canonical\" href=\"https:\/\/goodplacesutivan.com\/hu\/termek\/studio-topfloor-east-31\/\" \/>\n<meta property=\"og:locale\" content=\"hu_HU\" \/>\n<meta property=\"og:type\" content=\"article\" \/>\n<meta property=\"og:title\" content=\"Studio - Top Floor - East (#31) - goodplacesutivan.com\" \/>\n<meta property=\"og:description\" content=\"Step into a space where style and comfort coalesce beautifully in our 25 square meter studio apartment, designed for those who appreciate the flair of modern living by the sea. The apartment captures the vibrant spirit of Sutivan, offering guests a homely yet elegant sanctuary. &nbsp; From the moment you step inside, you&#8217;ll be enveloped [&hellip;]\" \/>\n<meta property=\"og:url\" content=\"https:\/\/goodplacesutivan.com\/hu\/termek\/studio-topfloor-east-31\/\" \/>\n<meta property=\"og:site_name\" content=\"goodplacesutivan.com\" \/>\n<meta property=\"article:modified_time\" content=\"2026-02-13T13:23:53+00:00\" \/>\n<meta property=\"og:image\" content=\"http:\/\/goodplacesutivan.com\/wp-content\/uploads\/2025\/02\/R1A0375-scaled-1.webp\" \/>\n\t<meta property=\"og:image:width\" content=\"2560\" \/>\n\t<meta property=\"og:image:height\" content=\"1707\" \/>\n\t<meta property=\"og:image:type\" content=\"image\/webp\" \/>\n<meta name=\"twitter:card\" content=\"summary_large_image\" \/>\n<meta name=\"twitter:label1\" content=\"Becs\u00fclt olvas\u00e1si id\u0151\" \/>\n\t<meta name=\"twitter:data1\" content=\"2 perc\" \/>\n<script type=\"application\/ld+json\" class=\"yoast-schema-graph\">{\"@context\":\"https:\/\/schema.org\",\"@graph\":[{\"@type\":\"WebPage\",\"@id\":\"https:\/\/goodplacesutivan.com\/product\/studio-topfloor-east-31\/\",\"url\":\"https:\/\/goodplacesutivan.com\/product\/studio-topfloor-east-31\/\",\"name\":\"Studio - Top Floor - East (#31) - goodplacesutivan.com\",\"isPartOf\":{\"@id\":\"https:\/\/goodplacesutivan.com\/#website\"},\"primaryImageOfPage\":{\"@id\":\"https:\/\/goodplacesutivan.com\/product\/studio-topfloor-east-31\/#primaryimage\"},\"image\":{\"@id\":\"https:\/\/goodplacesutivan.com\/product\/studio-topfloor-east-31\/#primaryimage\"},\"thumbnailUrl\":\"https:\/\/goodplacesutivan.com\/wp-content\/uploads\/2025\/02\/R1A0375-scaled-1.webp\",\"datePublished\":\"2023-11-30T11:35:26+00:00\",\"dateModified\":\"2026-02-13T13:23:53+00:00\",\"breadcrumb\":{\"@id\":\"https:\/\/goodplacesutivan.com\/product\/studio-topfloor-east-31\/#breadcrumb\"},\"inLanguage\":\"hu\",\"potentialAction\":[{\"@type\":\"ReadAction\",\"target\":[\"https:\/\/goodplacesutivan.com\/product\/studio-topfloor-east-31\/\"]}]},{\"@type\":\"ImageObject\",\"inLanguage\":\"hu\",\"@id\":\"https:\/\/goodplacesutivan.com\/product\/studio-topfloor-east-31\/#primaryimage\",\"url\":\"https:\/\/goodplacesutivan.com\/wp-content\/uploads\/2025\/02\/R1A0375-scaled-1.webp\",\"contentUrl\":\"https:\/\/goodplacesutivan.com\/wp-content\/uploads\/2025\/02\/R1A0375-scaled-1.webp\",\"width\":2560,\"height\":1707},{\"@type\":\"BreadcrumbList\",\"@id\":\"https:\/\/goodplacesutivan.com\/product\/studio-topfloor-east-31\/#breadcrumb\",\"itemListElement\":[{\"@type\":\"ListItem\",\"position\":1,\"name\":\"Home\",\"item\":\"https:\/\/goodplacesutivan.com\/\"},{\"@type\":\"ListItem\",\"position\":2,\"name\":\"Shop\",\"item\":\"https:\/\/goodplacesutivan.com\/shop\/\"},{\"@type\":\"ListItem\",\"position\":3,\"name\":\"Studio &#8211; Top Floor &#8211; East (#31)\"}]},{\"@type\":\"WebSite\",\"@id\":\"https:\/\/goodplacesutivan.com\/#website\",\"url\":\"https:\/\/goodplacesutivan.com\/\",\"name\":\"goodplacesutivan.com\",\"description\":\"\",\"publisher\":{\"@id\":\"https:\/\/goodplacesutivan.com\/#organization\"},\"potentialAction\":[{\"@type\":\"SearchAction\",\"target\":{\"@type\":\"EntryPoint\",\"urlTemplate\":\"https:\/\/goodplacesutivan.com\/?s={search_term_string}\"},\"query-input\":{\"@type\":\"PropertyValueSpecification\",\"valueRequired\":true,\"valueName\":\"search_term_string\"}}],\"inLanguage\":\"hu\"},{\"@type\":\"Organization\",\"@id\":\"https:\/\/goodplacesutivan.com\/#organization\",\"name\":\"goodplacesutivan.com\",\"url\":\"https:\/\/goodplacesutivan.com\/\",\"logo\":{\"@type\":\"ImageObject\",\"inLanguage\":\"hu\",\"@id\":\"https:\/\/goodplacesutivan.com\/#\/schema\/logo\/image\/\",\"url\":\"https:\/\/goodplacesutivan.com\/wp-content\/uploads\/2023\/10\/sotetebb_TGP_Logo.png\",\"contentUrl\":\"https:\/\/goodplacesutivan.com\/wp-content\/uploads\/2023\/10\/sotetebb_TGP_Logo.png\",\"width\":500,\"height\":500,\"caption\":\"goodplacesutivan.com\"},\"image\":{\"@id\":\"https:\/\/goodplacesutivan.com\/#\/schema\/logo\/image\/\"}}]}<\/script>\n<!-- \/ Yoast SEO plugin. -->","yoast_head_json":{"title":"Studio - Top Floor - East (#31) - goodplacesutivan.com","robots":{"index":"index","follow":"follow","max-snippet":"max-snippet:-1","max-image-preview":"max-image-preview:large","max-video-preview":"max-video-preview:-1"},"canonical":"https:\/\/goodplacesutivan.com\/hu\/termek\/studio-topfloor-east-31\/","og_locale":"hu_HU","og_type":"article","og_title":"Studio - Top Floor - East (#31) - goodplacesutivan.com","og_description":"Step into a space where style and comfort coalesce beautifully in our 25 square meter studio apartment, designed for those who appreciate the flair of modern living by the sea. The apartment captures the vibrant spirit of Sutivan, offering guests a homely yet elegant sanctuary. &nbsp; From the moment you step inside, you&#8217;ll be enveloped [&hellip;]","og_url":"https:\/\/goodplacesutivan.com\/hu\/termek\/studio-topfloor-east-31\/","og_site_name":"goodplacesutivan.com","article_modified_time":"2026-02-13T13:23:53+00:00","og_image":[{"width":2560,"height":1707,"url":"http:\/\/goodplacesutivan.com\/wp-content\/uploads\/2025\/02\/R1A0375-scaled-1.webp","type":"image\/webp"}],"twitter_card":"summary_large_image","twitter_misc":{"Becs\u00fclt olvas\u00e1si id\u0151":"2 perc"},"schema":{"@context":"https:\/\/schema.org","@graph":[{"@type":"WebPage","@id":"https:\/\/goodplacesutivan.com\/product\/studio-topfloor-east-31\/","url":"https:\/\/goodplacesutivan.com\/product\/studio-topfloor-east-31\/","name":"Studio - Top Floor - East (#31) - goodplacesutivan.com","isPartOf":{"@id":"https:\/\/goodplacesutivan.com\/#website"},"primaryImageOfPage":{"@id":"https:\/\/goodplacesutivan.com\/product\/studio-topfloor-east-31\/#primaryimage"},"image":{"@id":"https:\/\/goodplacesutivan.com\/product\/studio-topfloor-east-31\/#primaryimage"},"thumbnailUrl":"https:\/\/goodplacesutivan.com\/wp-content\/uploads\/2025\/02\/R1A0375-scaled-1.webp","datePublished":"2023-11-30T11:35:26+00:00","dateModified":"2026-02-13T13:23:53+00:00","breadcrumb":{"@id":"https:\/\/goodplacesutivan.com\/product\/studio-topfloor-east-31\/#breadcrumb"},"inLanguage":"hu","potentialAction":[{"@type":"ReadAction","target":["https:\/\/goodplacesutivan.com\/product\/studio-topfloor-east-31\/"]}]},{"@type":"ImageObject","inLanguage":"hu","@id":"https:\/\/goodplacesutivan.com\/product\/studio-topfloor-east-31\/#primaryimage","url":"https:\/\/goodplacesutivan.com\/wp-content\/uploads\/2025\/02\/R1A0375-scaled-1.webp","contentUrl":"https:\/\/goodplacesutivan.com\/wp-content\/uploads\/2025\/02\/R1A0375-scaled-1.webp","width":2560,"height":1707},{"@type":"BreadcrumbList","@id":"https:\/\/goodplacesutivan.com\/product\/studio-topfloor-east-31\/#breadcrumb","itemListElement":[{"@type":"ListItem","position":1,"name":"Home","item":"https:\/\/goodplacesutivan.com\/"},{"@type":"ListItem","position":2,"name":"Shop","item":"https:\/\/goodplacesutivan.com\/shop\/"},{"@type":"ListItem","position":3,"name":"Studio &#8211; Top Floor &#8211; East (#31)"}]},{"@type":"WebSite","@id":"https:\/\/goodplacesutivan.com\/#website","url":"https:\/\/goodplacesutivan.com\/","name":"goodplacesutivan.com","description":"","publisher":{"@id":"https:\/\/goodplacesutivan.com\/#organization"},"potentialAction":[{"@type":"SearchAction","target":{"@type":"EntryPoint","urlTemplate":"https:\/\/goodplacesutivan.com\/?s={search_term_string}"},"query-input":{"@type":"PropertyValueSpecification","valueRequired":true,"valueName":"search_term_string"}}],"inLanguage":"hu"},{"@type":"Organization","@id":"https:\/\/goodplacesutivan.com\/#organization","name":"goodplacesutivan.com","url":"https:\/\/goodplacesutivan.com\/","logo":{"@type":"ImageObject","inLanguage":"hu","@id":"https:\/\/goodplacesutivan.com\/#\/schema\/logo\/image\/","url":"https:\/\/goodplacesutivan.com\/wp-content\/uploads\/2023\/10\/sotetebb_TGP_Logo.png","contentUrl":"https:\/\/goodplacesutivan.com\/wp-content\/uploads\/2023\/10\/sotetebb_TGP_Logo.png","width":500,"height":500,"caption":"goodplacesutivan.com"},"image":{"@id":"https:\/\/goodplacesutivan.com\/#\/schema\/logo\/image\/"}}]}},"_links":{"self":[{"href":"https:\/\/goodplacesutivan.com\/hu\/wp-json\/wp\/v2\/product\/843","targetHints":{"allow":["GET"]}}],"collection":[{"href":"https:\/\/goodplacesutivan.com\/hu\/wp-json\/wp\/v2\/product"}],"about":[{"href":"https:\/\/goodplacesutivan.com\/hu\/wp-json\/wp\/v2\/types\/product"}],"replies":[{"embeddable":true,"href":"https:\/\/goodplacesutivan.com\/hu\/wp-json\/wp\/v2\/comments?post=843"}],"wp:featuredmedia":[{"embeddable":true,"href":"https:\/\/goodplacesutivan.com\/hu\/wp-json\/wp\/v2\/media\/1987"}],"wp:attachment":[{"href":"https:\/\/goodplacesutivan.com\/hu\/wp-json\/wp\/v2\/media?parent=843"}],"wp:term":[{"taxonomy":"product_brand","embeddable":true,"href":"https:\/\/goodplacesutivan.com\/hu\/wp-json\/wp\/v2\/product_brand?post=843"},{"taxonomy":"product_cat","embeddable":true,"href":"https:\/\/goodplacesutivan.com\/hu\/wp-json\/wp\/v2\/product_cat?post=843"},{"taxonomy":"product_tag","embeddable":true,"href":"https:\/\/goodplacesutivan.com\/hu\/wp-json\/wp\/v2\/product_tag?post=843"},{"taxonomy":"szoba_opciok","embeddable":true,"href":"https:\/\/goodplacesutivan.com\/hu\/wp-json\/wp\/v2\/szoba_opciok?post=843"}],"curies":[{"name":"wp","href":"https:\/\/api.w.org\/{rel}","templated":true}]}}