{"id":842,"date":"2023-11-29T11:33:13","date_gmt":"2023-11-29T11:33:13","guid":{"rendered":"https:\/\/goodplacesutivan.com\/?post_type=product&#038;p=842"},"modified":"2026-02-13T14:30:05","modified_gmt":"2026-02-13T13:30:05","slug":"studio-middlefloor-west-24","status":"publish","type":"product","link":"https:\/\/goodplacesutivan.com\/hu\/termek\/studio-middlefloor-west-24\/","title":{"rendered":"St\u00fadi\u00f3 - K\u00f6z\u00e9ps\u0151 emelet - Nyugati oldal (#24)"},"content":{"rendered":"<p>T\u00f6ltse pihen\u00e9s\u00e9t az elegancia \u00e9s a k\u00e9nyelem vil\u00e1g\u00e1ban, The Good Place egyik 25 n\u00e9gyzetm\u00e9teres st\u00fadi\u00f3apartmanj\u00e1ban. A modern luxus \u00e9s a tengerparti nyugalom harmonikus kever\u00e9k\u00e9vel kialak\u00edtott apartman t\u00f6k\u00e9letes mened\u00e9ket ny\u00fajt egy romantikus kiruccan\u00e1shoz vagy egy b\u00e9k\u00e9s egy\u00e9ni kalandhoz.<\/p>\n<p>&nbsp;<\/p>\n<p>A term\u00e9szetes fa fel\u00fcletek melege, valamint a s\u00f6t\u00e9t \u00e9s feh\u00e9r, kontrasztos t\u00f3nusok kifinomults\u00e1ga m\u00e1r a bel\u00e9p\u00e9s pillanat\u00e1ban mag\u00e1val ragadj\u00e1k vend\u00e9geinket. A nyitott teret okosan tervezt\u00e9k, hogy maximaliz\u00e1lja a k\u00e9nyelmet a st\u00edlus fel\u00e1ldoz\u00e1sa n\u00e9lk\u00fcl. A pr\u00e9mium \u00e1gynem\u0171be \u00f6lt\u00f6z\u00f6tt francia\u00e1gy pihentet\u0151 \u00e9jszakai alv\u00e1st \u00edg\u00e9r, mik\u00f6zben a teraszajt\u00f3n \u00e1t a l\u00e1gy tengeri szell\u0151 suttog, term\u00e9szetes altat\u00f3dalt k\u00edn\u00e1lva.<\/p>\n<p>&nbsp;<\/p>\n<p>A lak\u00f3teret eleg\u00e1ns b\u00fatorok \u00e9s vil\u00e1g\u00edt\u00e1s d\u00edsz\u00edti, amely modern, h\u00edvogat\u00f3 l\u00e9gk\u00f6rt teremt. Teljesen felszerelt konyhasarok v\u00e1rja a vend\u00e9geket elektromos f\u0151z\u0151lappal, mikrohull\u00e1m\u00fa s\u00fct\u0151vel \u00e9s a leg\u00fajabb konyhai eszk\u00f6z\u00f6kkel, k\u00f6zt\u00fck Tefal v\u00edzforral\u00f3val \u00e9s keny\u00e9rpir\u00edt\u00f3val, valamint Nespresso k\u00e1v\u00e9f\u0151z\u0151vel, amelyek kellemes \u00e9lm\u00e9nny\u00e9 teszik a reggelt. A konyhasarokban egy mosogat\u00f3g\u00e9p is tal\u00e1lhat\u00f3, \u00edgy a takar\u00edt\u00e1s is gyorsabb, hogy \u00d6n maxim\u00e1lisan \u00e1tadhassa mag\u00e1t a pihen\u00e9snek.<\/p>\n<p>&nbsp;<\/p>\n<p>L\u00e9pjen be a modern f\u00fcrd\u0151szob\u00e1ba, ahol a tiszta vonalak \u00e9s a cs\u00facsmin\u0151s\u00e9g\u0171 berendez\u00e9si t\u00e1rgyak, k\u00f6zt\u00fck a t\u00e1gas zuhanyz\u00f3 \u00e9s a puha t\u00f6r\u00f6lk\u00f6z\u0151k friss\u00edt\u0151 \u00e9lm\u00e9nyt ny\u00fajtanak.<\/p>\n<p>&nbsp;<\/p>\n<p>L\u00e9pjen ki a 6 n\u00e9gyzetm\u00e9teres erk\u00e9lyre, a lak\u00f3t\u00e9r elengedhetetlen b\u0151v\u00edtm\u00e9ny\u00e9re, ahol a panor\u00e1ma olyan l\u00e1tv\u00e1nyt ny\u00fajt, amivel nem lehet betelni. A tengerre ny\u00edl\u00f3 kil\u00e1t\u00e1snak k\u00f6sz\u00f6nhet\u0151en m\u00e1r az erk\u00e9lyen \u00e9lvezheti a tengerparti hangulatot. T\u00f6k\u00e9letes hely este egy poh\u00e1r borhoz vagy egy csendes reggeli elm\u00e9lked\u00e9shez, sok n\u00f6v\u00e9nyzettel k\u00f6r\u00fclv\u00e9ve, hiszen a szomsz\u00e9d telken nincs \u00e9p\u00fclet.<\/p>\n<p>&nbsp;<\/p>\n<p>Ez az apartman nem csak egy sz\u00e1ll\u00e1s; ez \u00f6nmag\u00e1ban egy \u00fati c\u00e9l, ahol minden r\u00e9szlet a tenger sz\u00e9ps\u00e9g\u00e9t \u00e9s a The Good Place eleganci\u00e1j\u00e1t visszhangozza. Foglalja le n\u00e1lunk nyaral\u00e1s\u00e1t, \u00e9s engedje \u00e1t mag\u00e1t a pihentet\u0151 luxusnak, ahol minden pillanat olyan l\u00e9legzetel\u00e1ll\u00edt\u00f3, mint az erk\u00e9lyr\u0151l ny\u00edl\u00f3 kil\u00e1t\u00e1s.<\/p>","protected":false},"excerpt":{"rendered":"<p>Escape to a world of elegance and comfort in our 25 square meter studio apartment at The Good Place. Designed with a harmonious blend of modern luxury and coastal tranquility, this apartment is your perfect retreat for a romantic getaway or a peaceful solo adventure. &nbsp; From the moment you step inside, you&#8217;ll be enveloped [&hellip;]<\/p>","protected":false},"featured_media":791,"comment_status":"open","ping_status":"closed","template":"","meta":{"_jf_schedule_form":""},"product_brand":[],"product_cat":[17],"product_tag":[],"szoba_opciok":[],"class_list":{"0":"post-842","1":"product","2":"type-product","3":"status-publish","4":"has-post-thumbnail","6":"product_cat-uncategorised","8":"first","9":"instock","10":"virtual","11":"sold-individually","12":"purchasable","13":"product-type-jet_booking"},"yoast_head":"<!-- This site is optimized with the Yoast SEO plugin v26.6 - https:\/\/yoast.com\/wordpress\/plugins\/seo\/ -->\n<title>Studio - Middle Floor - West (#24) - goodplacesutivan.com<\/title>\n<meta name=\"robots\" content=\"index, follow, max-snippet:-1, max-image-preview:large, max-video-preview:-1\" \/>\n<link rel=\"canonical\" href=\"https:\/\/goodplacesutivan.com\/hu\/termek\/studio-middlefloor-west-24\/\" \/>\n<meta property=\"og:locale\" content=\"hu_HU\" \/>\n<meta property=\"og:type\" content=\"article\" \/>\n<meta property=\"og:title\" content=\"Studio - Middle Floor - West (#24) - goodplacesutivan.com\" \/>\n<meta property=\"og:description\" content=\"Escape to a world of elegance and comfort in our 25 square meter studio apartment at The Good Place. Designed with a harmonious blend of modern luxury and coastal tranquility, this apartment is your perfect retreat for a romantic getaway or a peaceful solo adventure. &nbsp; From the moment you step inside, you&#8217;ll be enveloped [&hellip;]\" \/>\n<meta property=\"og:url\" content=\"https:\/\/goodplacesutivan.com\/hu\/termek\/studio-middlefloor-west-24\/\" \/>\n<meta property=\"og:site_name\" content=\"goodplacesutivan.com\" \/>\n<meta property=\"article:modified_time\" content=\"2026-02-13T13:30:05+00:00\" \/>\n<meta property=\"og:image\" content=\"http:\/\/goodplacesutivan.com\/wp-content\/uploads\/2023\/11\/R1A0273-scaled.webp\" \/>\n\t<meta property=\"og:image:width\" content=\"2560\" \/>\n\t<meta property=\"og:image:height\" content=\"1707\" \/>\n\t<meta property=\"og:image:type\" content=\"image\/webp\" \/>\n<meta name=\"twitter:card\" content=\"summary_large_image\" \/>\n<meta name=\"twitter:label1\" content=\"Becs\u00fclt olvas\u00e1si id\u0151\" \/>\n\t<meta name=\"twitter:data1\" content=\"2 perc\" \/>\n<script type=\"application\/ld+json\" class=\"yoast-schema-graph\">{\"@context\":\"https:\/\/schema.org\",\"@graph\":[{\"@type\":\"WebPage\",\"@id\":\"https:\/\/goodplacesutivan.com\/product\/studio-middlefloor-west-24\/\",\"url\":\"https:\/\/goodplacesutivan.com\/product\/studio-middlefloor-west-24\/\",\"name\":\"Studio - Middle Floor - West (#24) - goodplacesutivan.com\",\"isPartOf\":{\"@id\":\"https:\/\/goodplacesutivan.com\/#website\"},\"primaryImageOfPage\":{\"@id\":\"https:\/\/goodplacesutivan.com\/product\/studio-middlefloor-west-24\/#primaryimage\"},\"image\":{\"@id\":\"https:\/\/goodplacesutivan.com\/product\/studio-middlefloor-west-24\/#primaryimage\"},\"thumbnailUrl\":\"https:\/\/goodplacesutivan.com\/wp-content\/uploads\/2023\/11\/R1A0273-scaled.webp\",\"datePublished\":\"2023-11-29T11:33:13+00:00\",\"dateModified\":\"2026-02-13T13:30:05+00:00\",\"breadcrumb\":{\"@id\":\"https:\/\/goodplacesutivan.com\/product\/studio-middlefloor-west-24\/#breadcrumb\"},\"inLanguage\":\"hu\",\"potentialAction\":[{\"@type\":\"ReadAction\",\"target\":[\"https:\/\/goodplacesutivan.com\/product\/studio-middlefloor-west-24\/\"]}]},{\"@type\":\"ImageObject\",\"inLanguage\":\"hu\",\"@id\":\"https:\/\/goodplacesutivan.com\/product\/studio-middlefloor-west-24\/#primaryimage\",\"url\":\"https:\/\/goodplacesutivan.com\/wp-content\/uploads\/2023\/11\/R1A0273-scaled.webp\",\"contentUrl\":\"https:\/\/goodplacesutivan.com\/wp-content\/uploads\/2023\/11\/R1A0273-scaled.webp\",\"width\":2560,\"height\":1707},{\"@type\":\"BreadcrumbList\",\"@id\":\"https:\/\/goodplacesutivan.com\/product\/studio-middlefloor-west-24\/#breadcrumb\",\"itemListElement\":[{\"@type\":\"ListItem\",\"position\":1,\"name\":\"Home\",\"item\":\"https:\/\/goodplacesutivan.com\/\"},{\"@type\":\"ListItem\",\"position\":2,\"name\":\"Shop\",\"item\":\"https:\/\/goodplacesutivan.com\/shop\/\"},{\"@type\":\"ListItem\",\"position\":3,\"name\":\"Studio &#8211; Middle Floor &#8211; West (#24)\"}]},{\"@type\":\"WebSite\",\"@id\":\"https:\/\/goodplacesutivan.com\/#website\",\"url\":\"https:\/\/goodplacesutivan.com\/\",\"name\":\"goodplacesutivan.com\",\"description\":\"\",\"publisher\":{\"@id\":\"https:\/\/goodplacesutivan.com\/#organization\"},\"potentialAction\":[{\"@type\":\"SearchAction\",\"target\":{\"@type\":\"EntryPoint\",\"urlTemplate\":\"https:\/\/goodplacesutivan.com\/?s={search_term_string}\"},\"query-input\":{\"@type\":\"PropertyValueSpecification\",\"valueRequired\":true,\"valueName\":\"search_term_string\"}}],\"inLanguage\":\"hu\"},{\"@type\":\"Organization\",\"@id\":\"https:\/\/goodplacesutivan.com\/#organization\",\"name\":\"goodplacesutivan.com\",\"url\":\"https:\/\/goodplacesutivan.com\/\",\"logo\":{\"@type\":\"ImageObject\",\"inLanguage\":\"hu\",\"@id\":\"https:\/\/goodplacesutivan.com\/#\/schema\/logo\/image\/\",\"url\":\"https:\/\/goodplacesutivan.com\/wp-content\/uploads\/2023\/10\/sotetebb_TGP_Logo.png\",\"contentUrl\":\"https:\/\/goodplacesutivan.com\/wp-content\/uploads\/2023\/10\/sotetebb_TGP_Logo.png\",\"width\":500,\"height\":500,\"caption\":\"goodplacesutivan.com\"},\"image\":{\"@id\":\"https:\/\/goodplacesutivan.com\/#\/schema\/logo\/image\/\"}}]}<\/script>\n<!-- \/ Yoast SEO plugin. -->","yoast_head_json":{"title":"Studio - Middle Floor - West (#24) - goodplacesutivan.com","robots":{"index":"index","follow":"follow","max-snippet":"max-snippet:-1","max-image-preview":"max-image-preview:large","max-video-preview":"max-video-preview:-1"},"canonical":"https:\/\/goodplacesutivan.com\/hu\/termek\/studio-middlefloor-west-24\/","og_locale":"hu_HU","og_type":"article","og_title":"Studio - Middle Floor - West (#24) - goodplacesutivan.com","og_description":"Escape to a world of elegance and comfort in our 25 square meter studio apartment at The Good Place. Designed with a harmonious blend of modern luxury and coastal tranquility, this apartment is your perfect retreat for a romantic getaway or a peaceful solo adventure. &nbsp; From the moment you step inside, you&#8217;ll be enveloped [&hellip;]","og_url":"https:\/\/goodplacesutivan.com\/hu\/termek\/studio-middlefloor-west-24\/","og_site_name":"goodplacesutivan.com","article_modified_time":"2026-02-13T13:30:05+00:00","og_image":[{"width":2560,"height":1707,"url":"http:\/\/goodplacesutivan.com\/wp-content\/uploads\/2023\/11\/R1A0273-scaled.webp","type":"image\/webp"}],"twitter_card":"summary_large_image","twitter_misc":{"Becs\u00fclt olvas\u00e1si id\u0151":"2 perc"},"schema":{"@context":"https:\/\/schema.org","@graph":[{"@type":"WebPage","@id":"https:\/\/goodplacesutivan.com\/product\/studio-middlefloor-west-24\/","url":"https:\/\/goodplacesutivan.com\/product\/studio-middlefloor-west-24\/","name":"Studio - Middle Floor - West (#24) - goodplacesutivan.com","isPartOf":{"@id":"https:\/\/goodplacesutivan.com\/#website"},"primaryImageOfPage":{"@id":"https:\/\/goodplacesutivan.com\/product\/studio-middlefloor-west-24\/#primaryimage"},"image":{"@id":"https:\/\/goodplacesutivan.com\/product\/studio-middlefloor-west-24\/#primaryimage"},"thumbnailUrl":"https:\/\/goodplacesutivan.com\/wp-content\/uploads\/2023\/11\/R1A0273-scaled.webp","datePublished":"2023-11-29T11:33:13+00:00","dateModified":"2026-02-13T13:30:05+00:00","breadcrumb":{"@id":"https:\/\/goodplacesutivan.com\/product\/studio-middlefloor-west-24\/#breadcrumb"},"inLanguage":"hu","potentialAction":[{"@type":"ReadAction","target":["https:\/\/goodplacesutivan.com\/product\/studio-middlefloor-west-24\/"]}]},{"@type":"ImageObject","inLanguage":"hu","@id":"https:\/\/goodplacesutivan.com\/product\/studio-middlefloor-west-24\/#primaryimage","url":"https:\/\/goodplacesutivan.com\/wp-content\/uploads\/2023\/11\/R1A0273-scaled.webp","contentUrl":"https:\/\/goodplacesutivan.com\/wp-content\/uploads\/2023\/11\/R1A0273-scaled.webp","width":2560,"height":1707},{"@type":"BreadcrumbList","@id":"https:\/\/goodplacesutivan.com\/product\/studio-middlefloor-west-24\/#breadcrumb","itemListElement":[{"@type":"ListItem","position":1,"name":"Home","item":"https:\/\/goodplacesutivan.com\/"},{"@type":"ListItem","position":2,"name":"Shop","item":"https:\/\/goodplacesutivan.com\/shop\/"},{"@type":"ListItem","position":3,"name":"Studio &#8211; Middle Floor &#8211; West (#24)"}]},{"@type":"WebSite","@id":"https:\/\/goodplacesutivan.com\/#website","url":"https:\/\/goodplacesutivan.com\/","name":"goodplacesutivan.com","description":"","publisher":{"@id":"https:\/\/goodplacesutivan.com\/#organization"},"potentialAction":[{"@type":"SearchAction","target":{"@type":"EntryPoint","urlTemplate":"https:\/\/goodplacesutivan.com\/?s={search_term_string}"},"query-input":{"@type":"PropertyValueSpecification","valueRequired":true,"valueName":"search_term_string"}}],"inLanguage":"hu"},{"@type":"Organization","@id":"https:\/\/goodplacesutivan.com\/#organization","name":"goodplacesutivan.com","url":"https:\/\/goodplacesutivan.com\/","logo":{"@type":"ImageObject","inLanguage":"hu","@id":"https:\/\/goodplacesutivan.com\/#\/schema\/logo\/image\/","url":"https:\/\/goodplacesutivan.com\/wp-content\/uploads\/2023\/10\/sotetebb_TGP_Logo.png","contentUrl":"https:\/\/goodplacesutivan.com\/wp-content\/uploads\/2023\/10\/sotetebb_TGP_Logo.png","width":500,"height":500,"caption":"goodplacesutivan.com"},"image":{"@id":"https:\/\/goodplacesutivan.com\/#\/schema\/logo\/image\/"}}]}},"_links":{"self":[{"href":"https:\/\/goodplacesutivan.com\/hu\/wp-json\/wp\/v2\/product\/842","targetHints":{"allow":["GET"]}}],"collection":[{"href":"https:\/\/goodplacesutivan.com\/hu\/wp-json\/wp\/v2\/product"}],"about":[{"href":"https:\/\/goodplacesutivan.com\/hu\/wp-json\/wp\/v2\/types\/product"}],"replies":[{"embeddable":true,"href":"https:\/\/goodplacesutivan.com\/hu\/wp-json\/wp\/v2\/comments?post=842"}],"wp:featuredmedia":[{"embeddable":true,"href":"https:\/\/goodplacesutivan.com\/hu\/wp-json\/wp\/v2\/media\/791"}],"wp:attachment":[{"href":"https:\/\/goodplacesutivan.com\/hu\/wp-json\/wp\/v2\/media?parent=842"}],"wp:term":[{"taxonomy":"product_brand","embeddable":true,"href":"https:\/\/goodplacesutivan.com\/hu\/wp-json\/wp\/v2\/product_brand?post=842"},{"taxonomy":"product_cat","embeddable":true,"href":"https:\/\/goodplacesutivan.com\/hu\/wp-json\/wp\/v2\/product_cat?post=842"},{"taxonomy":"product_tag","embeddable":true,"href":"https:\/\/goodplacesutivan.com\/hu\/wp-json\/wp\/v2\/product_tag?post=842"},{"taxonomy":"szoba_opciok","embeddable":true,"href":"https:\/\/goodplacesutivan.com\/hu\/wp-json\/wp\/v2\/szoba_opciok?post=842"}],"curies":[{"name":"wp","href":"https:\/\/api.w.org\/{rel}","templated":true}]}}