{"id":837,"date":"2023-11-29T11:34:25","date_gmt":"2023-11-29T11:34:25","guid":{"rendered":"https:\/\/goodplacesutivan.com\/?post_type=product&#038;p=837"},"modified":"2026-02-13T14:28:45","modified_gmt":"2026-02-13T13:28:45","slug":"apartment-middlefloor-west-23","status":"publish","type":"product","link":"https:\/\/goodplacesutivan.com\/hu\/termek\/apartment-middlefloor-west-23\/","title":{"rendered":"Apartman - K\u00f6z\u00e9ps\u0151 emelet - Nyugati oldal (#23)"},"content":{"rendered":"<p>\u00c9lvezze az Adria var\u00e1zs\u00e1t a 36 n\u00e9gyzetm\u00e9teres, k\u00e9nyelmesen berendezett apartmanunkban, amely a funkcionalit\u00e1s \u00e9s az eszt\u00e9tikum t\u00f6k\u00e9letes \u00f6tv\u00f6zete. P\u00e1rok vagy kisebb bar\u00e1ti t\u00e1rsas\u00e1gok sz\u00e1m\u00e1ra kialak\u00edtott apartman, amely fens\u00e9ges visszavonul\u00e1st k\u00edn\u00e1l, leny\u0171g\u00f6z\u0151 kil\u00e1t\u00e1ssal a tengerre.<\/p>\n<p>&nbsp;<\/p>\n<p>A lak\u00e1s sz\u00edve a nappali, ahol a modern st\u00edlus \u00e9s az otthonos k\u00e9nyelem tal\u00e1lkozik. A kanap\u00e9, amely ak\u00e1r \u00e1gyk\u00e9nt is funkcion\u00e1lhat, tov\u00e1bbi k\u00e9t szem\u00e9ly sz\u00e1m\u00e1ra biztos\u00edt alv\u00f3helyet. Term\u00e9szetes f\u00e9ny \u00e1rasztja el a teret, h\u00edvogat\u00f3 l\u00e9gk\u00f6rt teremtve, ahol minden pillanatot az ablakokon t\u00fali, tengerre ny\u00edl\u00f3 fest\u0151i kil\u00e1t\u00e1s keretez.<\/p>\n<p>&nbsp;<\/p>\n<p>A nappalib\u00f3l a 13 n\u00e9gyzetm\u00e9teres teraszra l\u00e9phet ki, amely a l\u00e9legzetel\u00e1ll\u00edt\u00f3 adriai t\u00e1j nagyszer\u0171 sz\u00ednpada. Itt a reggeleket a hull\u00e1mok szimf\u00f3ni\u00e1ja k\u00f6sz\u00f6nti, az est\u00e9ket pedig a horizonton lenyugv\u00f3 nap l\u00e1tv\u00e1nya d\u00edsz\u00edti. A terasz, az \u00d6n priv\u00e1t kil\u00e1t\u00f3ja, ami \u00fagy van berendezve, hogy az \u00e9tkez\u00e9sek, besz\u00e9lget\u00e9sek, napf\u00fcrd\u0151z\u00e9sek \u00e9s egy\u00e9b csendes pihentet\u0151 tev\u00e9kenys\u00e9gek t\u00f6k\u00e9letes helysz\u00edne lehessen a gy\u00f6ny\u00f6r\u0171 tengerre ny\u00edl\u00f3 panor\u00e1m\u00e1nak k\u00f6sz\u00f6nhet\u0151en.<\/p>\n<p>&nbsp;<\/p>\n<p>A h\u00e1l\u00f3szob\u00e1ban egy francia\u00e1gy v\u00e1rja a legfinomabb \u00e1gynem\u0171be \u00f6lt\u00f6ztetve, biztos\u00edtva a zavartalan nyugalom \u00e9jszak\u00e1j\u00e1t. Az \u00e1gy kiv\u00e1l\u00f3 min\u0151s\u00e9g\u0171 matraca, a szoba nyugtat\u00f3 sz\u00ednvil\u00e1ga \u00e9s puha p\u00e1rn\u00e1i  az \u00f6nfeledt pihen\u00e9s vil\u00e1g\u00e1ba rep\u00edtik \u00d6nt.<\/p>\n<p>&nbsp;<\/p>\n<p>L\u00e9pjen be a modern f\u00fcrd\u0151szob\u00e1ba, ahol a tiszta vonalak \u00e9s a cs\u00facsmin\u0151s\u00e9g\u0171 berendez\u00e9si t\u00e1rgyak, k\u00f6zt\u00fck a t\u00e1gas zuhanyz\u00f3 \u00e9s a puha t\u00f6r\u00f6lk\u00f6z\u0151k friss\u00edt\u0151 \u00e9lm\u00e9nyt ny\u00fajtanak.<\/p>\n<p>&nbsp;<\/p>\n<p>A lak\u00f3t\u00e9r minden r\u00e9szlet\u00e9t \u00fagy alak\u00edtottuk ki, hogy fokozza az \u00d6n \u00e9lm\u00e9ny\u00e9t. A teljesen felszerelt konyhasarok minden sz\u00fcks\u00e9ges dolgot biztos\u00edt a k\u00f6nnyed id\u0151t\u00f6lt\u00e9shez \u00e9s sz\u00f3rakoz\u00e1shoz, bele\u00e9rtve a mosogat\u00f3g\u00e9pet is. Elektromos t\u0171zhely, mikrohull\u00e1m\u00fa s\u00fct\u0151, valamint a leg\u00fajabb konyhai eszk\u00f6z\u00f6k, k\u00f6zt\u00fck a Tefal v\u00edzforral\u00f3 \u00e9s keny\u00e9rpir\u00edt\u00f3, valamint a Nespresso k\u00e1v\u00e9f\u0151z\u0151 is rendelkez\u00e9sre \u00e1ll. A belt\u00e9ri \u00e9s k\u00fclt\u00e9ri \u00e9lett\u00e9r harm\u00f3nikus kevered\u00e9se biztos\u00edtja, hogy ak\u00e1r egy finom \u00e9telt fogyaszt, ak\u00e1r a teraszon t\u00f6lt\u0151dik, az Adriai-tenger sz\u00e9ps\u00e9ge mindig szem el\u0151tt van.<\/p>\n<p>&nbsp;<\/p>\n<p>Ez a lak\u00e1s \u00e1tgondolt elrendez\u00e9s\u00e9vel \u00e9s l\u00e9legzetel\u00e1ll\u00edt\u00f3 kil\u00e1t\u00e1s\u00e1val nem csak egy hely, ahol megsz\u00e1llhat, hanem egy hely, ahol \u00e9lhet, nevethet \u00e9s olyan eml\u00e9keket teremthet, amelyek egy \u00e9letre sz\u00f3lnak. Foglalja le nyaral\u00e1s\u00e1t n\u00e1lunk, \u00e9s tapasztalja meg a tengerparti \u00e9let nyugalm\u00e1t \u00e9s b\u00e1j\u00e1t.<\/p>","protected":false},"excerpt":{"rendered":"<p>Embrace the allure of the Adriatic in our generously appointed 36 square meter apartment, a perfect blend of functionality and aesthetic appeal. Tailored for couples or small group of friends, this apartment offers a sublime retreat with spellbinding sea views. &nbsp; The heart of the apartment is the living room, a space where contemporary design [&hellip;]<\/p>","protected":false},"featured_media":779,"comment_status":"open","ping_status":"closed","template":"","meta":{"_jf_schedule_form":""},"product_brand":[],"product_cat":[17],"product_tag":[],"szoba_opciok":[],"class_list":{"0":"post-837","1":"product","2":"type-product","3":"status-publish","4":"has-post-thumbnail","6":"product_cat-uncategorised","8":"first","9":"instock","10":"virtual","11":"sold-individually","12":"purchasable","13":"product-type-jet_booking"},"yoast_head":"<!-- This site is optimized with the Yoast SEO plugin v26.6 - https:\/\/yoast.com\/wordpress\/plugins\/seo\/ -->\n<title>Apartment - Middle Floor - West (#23) - goodplacesutivan.com<\/title>\n<meta name=\"robots\" content=\"index, follow, max-snippet:-1, max-image-preview:large, max-video-preview:-1\" \/>\n<link rel=\"canonical\" href=\"https:\/\/goodplacesutivan.com\/hu\/termek\/apartment-middlefloor-west-23\/\" \/>\n<meta property=\"og:locale\" content=\"hu_HU\" \/>\n<meta property=\"og:type\" content=\"article\" \/>\n<meta property=\"og:title\" content=\"Apartment - Middle Floor - West (#23) - goodplacesutivan.com\" \/>\n<meta property=\"og:description\" content=\"Embrace the allure of the Adriatic in our generously appointed 36 square meter apartment, a perfect blend of functionality and aesthetic appeal. Tailored for couples or small group of friends, this apartment offers a sublime retreat with spellbinding sea views. &nbsp; The heart of the apartment is the living room, a space where contemporary design [&hellip;]\" \/>\n<meta property=\"og:url\" content=\"https:\/\/goodplacesutivan.com\/hu\/termek\/apartment-middlefloor-west-23\/\" \/>\n<meta property=\"og:site_name\" content=\"goodplacesutivan.com\" \/>\n<meta property=\"article:modified_time\" content=\"2026-02-13T13:28:45+00:00\" \/>\n<meta property=\"og:image\" content=\"http:\/\/goodplacesutivan.com\/wp-content\/uploads\/2023\/11\/R1A0249-scaled.webp\" \/>\n\t<meta property=\"og:image:width\" content=\"2560\" \/>\n\t<meta property=\"og:image:height\" content=\"1707\" \/>\n\t<meta property=\"og:image:type\" content=\"image\/webp\" \/>\n<meta name=\"twitter:card\" content=\"summary_large_image\" \/>\n<meta name=\"twitter:label1\" content=\"Becs\u00fclt olvas\u00e1si id\u0151\" \/>\n\t<meta name=\"twitter:data1\" content=\"2 perc\" \/>\n<script type=\"application\/ld+json\" class=\"yoast-schema-graph\">{\"@context\":\"https:\/\/schema.org\",\"@graph\":[{\"@type\":\"WebPage\",\"@id\":\"https:\/\/goodplacesutivan.com\/product\/apartment-middlefloor-west-23\/\",\"url\":\"https:\/\/goodplacesutivan.com\/product\/apartment-middlefloor-west-23\/\",\"name\":\"Apartment - Middle Floor - West (#23) - goodplacesutivan.com\",\"isPartOf\":{\"@id\":\"https:\/\/goodplacesutivan.com\/#website\"},\"primaryImageOfPage\":{\"@id\":\"https:\/\/goodplacesutivan.com\/product\/apartment-middlefloor-west-23\/#primaryimage\"},\"image\":{\"@id\":\"https:\/\/goodplacesutivan.com\/product\/apartment-middlefloor-west-23\/#primaryimage\"},\"thumbnailUrl\":\"https:\/\/goodplacesutivan.com\/wp-content\/uploads\/2023\/11\/R1A0249-scaled.webp\",\"datePublished\":\"2023-11-29T11:34:25+00:00\",\"dateModified\":\"2026-02-13T13:28:45+00:00\",\"breadcrumb\":{\"@id\":\"https:\/\/goodplacesutivan.com\/product\/apartment-middlefloor-west-23\/#breadcrumb\"},\"inLanguage\":\"hu\",\"potentialAction\":[{\"@type\":\"ReadAction\",\"target\":[\"https:\/\/goodplacesutivan.com\/product\/apartment-middlefloor-west-23\/\"]}]},{\"@type\":\"ImageObject\",\"inLanguage\":\"hu\",\"@id\":\"https:\/\/goodplacesutivan.com\/product\/apartment-middlefloor-west-23\/#primaryimage\",\"url\":\"https:\/\/goodplacesutivan.com\/wp-content\/uploads\/2023\/11\/R1A0249-scaled.webp\",\"contentUrl\":\"https:\/\/goodplacesutivan.com\/wp-content\/uploads\/2023\/11\/R1A0249-scaled.webp\",\"width\":2560,\"height\":1707},{\"@type\":\"BreadcrumbList\",\"@id\":\"https:\/\/goodplacesutivan.com\/product\/apartment-middlefloor-west-23\/#breadcrumb\",\"itemListElement\":[{\"@type\":\"ListItem\",\"position\":1,\"name\":\"Home\",\"item\":\"https:\/\/goodplacesutivan.com\/\"},{\"@type\":\"ListItem\",\"position\":2,\"name\":\"Shop\",\"item\":\"https:\/\/goodplacesutivan.com\/shop\/\"},{\"@type\":\"ListItem\",\"position\":3,\"name\":\"Apartment &#8211; Middle Floor &#8211; West (#23)\"}]},{\"@type\":\"WebSite\",\"@id\":\"https:\/\/goodplacesutivan.com\/#website\",\"url\":\"https:\/\/goodplacesutivan.com\/\",\"name\":\"goodplacesutivan.com\",\"description\":\"\",\"publisher\":{\"@id\":\"https:\/\/goodplacesutivan.com\/#organization\"},\"potentialAction\":[{\"@type\":\"SearchAction\",\"target\":{\"@type\":\"EntryPoint\",\"urlTemplate\":\"https:\/\/goodplacesutivan.com\/?s={search_term_string}\"},\"query-input\":{\"@type\":\"PropertyValueSpecification\",\"valueRequired\":true,\"valueName\":\"search_term_string\"}}],\"inLanguage\":\"hu\"},{\"@type\":\"Organization\",\"@id\":\"https:\/\/goodplacesutivan.com\/#organization\",\"name\":\"goodplacesutivan.com\",\"url\":\"https:\/\/goodplacesutivan.com\/\",\"logo\":{\"@type\":\"ImageObject\",\"inLanguage\":\"hu\",\"@id\":\"https:\/\/goodplacesutivan.com\/#\/schema\/logo\/image\/\",\"url\":\"https:\/\/goodplacesutivan.com\/wp-content\/uploads\/2023\/10\/sotetebb_TGP_Logo.png\",\"contentUrl\":\"https:\/\/goodplacesutivan.com\/wp-content\/uploads\/2023\/10\/sotetebb_TGP_Logo.png\",\"width\":500,\"height\":500,\"caption\":\"goodplacesutivan.com\"},\"image\":{\"@id\":\"https:\/\/goodplacesutivan.com\/#\/schema\/logo\/image\/\"}}]}<\/script>\n<!-- \/ Yoast SEO plugin. -->","yoast_head_json":{"title":"Apartment - Middle Floor - West (#23) - goodplacesutivan.com","robots":{"index":"index","follow":"follow","max-snippet":"max-snippet:-1","max-image-preview":"max-image-preview:large","max-video-preview":"max-video-preview:-1"},"canonical":"https:\/\/goodplacesutivan.com\/hu\/termek\/apartment-middlefloor-west-23\/","og_locale":"hu_HU","og_type":"article","og_title":"Apartment - Middle Floor - West (#23) - goodplacesutivan.com","og_description":"Embrace the allure of the Adriatic in our generously appointed 36 square meter apartment, a perfect blend of functionality and aesthetic appeal. Tailored for couples or small group of friends, this apartment offers a sublime retreat with spellbinding sea views. &nbsp; The heart of the apartment is the living room, a space where contemporary design [&hellip;]","og_url":"https:\/\/goodplacesutivan.com\/hu\/termek\/apartment-middlefloor-west-23\/","og_site_name":"goodplacesutivan.com","article_modified_time":"2026-02-13T13:28:45+00:00","og_image":[{"width":2560,"height":1707,"url":"http:\/\/goodplacesutivan.com\/wp-content\/uploads\/2023\/11\/R1A0249-scaled.webp","type":"image\/webp"}],"twitter_card":"summary_large_image","twitter_misc":{"Becs\u00fclt olvas\u00e1si id\u0151":"2 perc"},"schema":{"@context":"https:\/\/schema.org","@graph":[{"@type":"WebPage","@id":"https:\/\/goodplacesutivan.com\/product\/apartment-middlefloor-west-23\/","url":"https:\/\/goodplacesutivan.com\/product\/apartment-middlefloor-west-23\/","name":"Apartment - Middle Floor - West (#23) - goodplacesutivan.com","isPartOf":{"@id":"https:\/\/goodplacesutivan.com\/#website"},"primaryImageOfPage":{"@id":"https:\/\/goodplacesutivan.com\/product\/apartment-middlefloor-west-23\/#primaryimage"},"image":{"@id":"https:\/\/goodplacesutivan.com\/product\/apartment-middlefloor-west-23\/#primaryimage"},"thumbnailUrl":"https:\/\/goodplacesutivan.com\/wp-content\/uploads\/2023\/11\/R1A0249-scaled.webp","datePublished":"2023-11-29T11:34:25+00:00","dateModified":"2026-02-13T13:28:45+00:00","breadcrumb":{"@id":"https:\/\/goodplacesutivan.com\/product\/apartment-middlefloor-west-23\/#breadcrumb"},"inLanguage":"hu","potentialAction":[{"@type":"ReadAction","target":["https:\/\/goodplacesutivan.com\/product\/apartment-middlefloor-west-23\/"]}]},{"@type":"ImageObject","inLanguage":"hu","@id":"https:\/\/goodplacesutivan.com\/product\/apartment-middlefloor-west-23\/#primaryimage","url":"https:\/\/goodplacesutivan.com\/wp-content\/uploads\/2023\/11\/R1A0249-scaled.webp","contentUrl":"https:\/\/goodplacesutivan.com\/wp-content\/uploads\/2023\/11\/R1A0249-scaled.webp","width":2560,"height":1707},{"@type":"BreadcrumbList","@id":"https:\/\/goodplacesutivan.com\/product\/apartment-middlefloor-west-23\/#breadcrumb","itemListElement":[{"@type":"ListItem","position":1,"name":"Home","item":"https:\/\/goodplacesutivan.com\/"},{"@type":"ListItem","position":2,"name":"Shop","item":"https:\/\/goodplacesutivan.com\/shop\/"},{"@type":"ListItem","position":3,"name":"Apartment &#8211; Middle Floor &#8211; West (#23)"}]},{"@type":"WebSite","@id":"https:\/\/goodplacesutivan.com\/#website","url":"https:\/\/goodplacesutivan.com\/","name":"goodplacesutivan.com","description":"","publisher":{"@id":"https:\/\/goodplacesutivan.com\/#organization"},"potentialAction":[{"@type":"SearchAction","target":{"@type":"EntryPoint","urlTemplate":"https:\/\/goodplacesutivan.com\/?s={search_term_string}"},"query-input":{"@type":"PropertyValueSpecification","valueRequired":true,"valueName":"search_term_string"}}],"inLanguage":"hu"},{"@type":"Organization","@id":"https:\/\/goodplacesutivan.com\/#organization","name":"goodplacesutivan.com","url":"https:\/\/goodplacesutivan.com\/","logo":{"@type":"ImageObject","inLanguage":"hu","@id":"https:\/\/goodplacesutivan.com\/#\/schema\/logo\/image\/","url":"https:\/\/goodplacesutivan.com\/wp-content\/uploads\/2023\/10\/sotetebb_TGP_Logo.png","contentUrl":"https:\/\/goodplacesutivan.com\/wp-content\/uploads\/2023\/10\/sotetebb_TGP_Logo.png","width":500,"height":500,"caption":"goodplacesutivan.com"},"image":{"@id":"https:\/\/goodplacesutivan.com\/#\/schema\/logo\/image\/"}}]}},"_links":{"self":[{"href":"https:\/\/goodplacesutivan.com\/hu\/wp-json\/wp\/v2\/product\/837","targetHints":{"allow":["GET"]}}],"collection":[{"href":"https:\/\/goodplacesutivan.com\/hu\/wp-json\/wp\/v2\/product"}],"about":[{"href":"https:\/\/goodplacesutivan.com\/hu\/wp-json\/wp\/v2\/types\/product"}],"replies":[{"embeddable":true,"href":"https:\/\/goodplacesutivan.com\/hu\/wp-json\/wp\/v2\/comments?post=837"}],"wp:featuredmedia":[{"embeddable":true,"href":"https:\/\/goodplacesutivan.com\/hu\/wp-json\/wp\/v2\/media\/779"}],"wp:attachment":[{"href":"https:\/\/goodplacesutivan.com\/hu\/wp-json\/wp\/v2\/media?parent=837"}],"wp:term":[{"taxonomy":"product_brand","embeddable":true,"href":"https:\/\/goodplacesutivan.com\/hu\/wp-json\/wp\/v2\/product_brand?post=837"},{"taxonomy":"product_cat","embeddable":true,"href":"https:\/\/goodplacesutivan.com\/hu\/wp-json\/wp\/v2\/product_cat?post=837"},{"taxonomy":"product_tag","embeddable":true,"href":"https:\/\/goodplacesutivan.com\/hu\/wp-json\/wp\/v2\/product_tag?post=837"},{"taxonomy":"szoba_opciok","embeddable":true,"href":"https:\/\/goodplacesutivan.com\/hu\/wp-json\/wp\/v2\/szoba_opciok?post=837"}],"curies":[{"name":"wp","href":"https:\/\/api.w.org\/{rel}","templated":true}]}}