{"id":1464,"date":"2023-11-28T19:00:08","date_gmt":"2023-11-28T19:00:08","guid":{"rendered":"https:\/\/goodplacesutivan.com\/?post_type=product&#038;p=1464"},"modified":"2026-02-13T14:33:08","modified_gmt":"2026-02-13T13:33:08","slug":"studio-ground-floor-west-14","status":"publish","type":"product","link":"https:\/\/goodplacesutivan.com\/hu\/termek\/studio-ground-floor-west-14\/","title":{"rendered":"St\u00fadi\u00f3 - F\u00f6ldszint - Nyugati oldal (#14)"},"content":{"rendered":"<p><strong>A f\u00f6ldszinti apartmanok a k\u00f6zelm\u00faltban lettek fel\u00faj\u00edtva a fels\u0151bb emeleti apartmanok sz\u00ednvonal\u00e1nak megfelel\u0151en. A kialak\u00edt\u00e1s ugyanazt a szintet k\u00e9pviseli a kiv\u00e1l\u00f3 min\u0151s\u00e9g\u0171 kivitelben, a modern diz\u00e1jnban \u00e9s a k\u00e9nyelemben egyar\u00e1nt.\u00a0<\/strong><\/p>\n<p>Ez is egy 25 n\u00e9gyzetm\u00e9teres st\u00fadi\u00f3, ide\u00e1lis v\u00e1laszt\u00e1s 2 f\u0151 sz\u00e1m\u00e1ra. T\u00f6k\u00e9letesen \u00f6tv\u00f6zi a h\u00e1l\u00f3szob\u00e1t, a teljesen felszerelt konyh\u00e1t \u00e9s a modern nappalit. K\u00fcl\u00f6n f\u00fcrd\u0151szoba \u00e9s egy 12 nm-es terasz is tartozik hozz\u00e1.<\/p>\n<p>Annak ellen\u00e9re, hogy a f\u00f6ldszinten tal\u00e1lhat\u00f3, a teraszr\u00f3l leny\u0171g\u00f6z\u0151 kil\u00e1t\u00e1s ny\u00edlik a tengerre. Im\u00e1dni fogja, hogy ak\u00e1r egy kellemes \u00e9tkez\u00e9shez \u00fcl itt le, a nap meleg\u00e9ben s\u00fctk\u00e9rezik, vagy egyszer\u0171en csak gy\u00f6ny\u00f6rk\u00f6dik a t\u00e1jban, a terasz kapcsolatot teremt az Adriai-tenger sz\u00e9ps\u00e9g\u00e9vel.<\/p>\n<p class=\"translation-block\"><strong>Kis\u00e1llatbar\u00e1t apartman:<\/strong> Tiszt\u00e1ban vagyunk vele, hogy sz\u0151r\u00f6s bar\u00e1tai az \u00e9lete fontos r\u00e9sz\u00e9t k\u00e9pezik, ez\u00e9rt ebben az apartmanban sz\u00edvesen fogadunk h\u00e1zi\u00e1llatokat. \u00c9lvezze t\u00e1gas szob\u00e1ink k\u00e9nyelm\u00e9t azzal a plusz \u00f6r\u00f6mmel, hogy h\u00e1zi kedvence is \u00d6n mellett van. B\u00edzunk benne, hogy a j\u00f3l idom\u00edtott, kis- vagy k\u00f6z\u00e9ptermet\u0171 kuty\u00e1k, a t\u00f6bbi vend\u00e9g nyugodt \u00e9s pihentet\u0151 nyaral\u00e1s\u00e1t sem zavarj\u00e1k. L\u00e9pjen kapcsolatba vel\u00fcnk, ha tov\u00e1bbi inform\u00e1ci\u00f3ra van sz\u00fcks\u00e9ge a kis\u00e1llatokra vonatkoz\u00f3 szab\u00e1lyzatunkkal kapcsolatban.<\/p>","protected":false},"excerpt":{"rendered":"<p>The apartments on the ground floor have been recently reconstructed to match the ones on the upper floors. They represent the same level of high quality finish, modern design and luxurious comfort.\u00a0 This is also a 25-square-meter studio, an ideal choice for 2. It is a perfect blend of a bedroom, a fully-equipped kitchenette, \u00a0and [&hellip;]<\/p>","protected":false},"featured_media":2025,"comment_status":"open","ping_status":"closed","template":"","meta":{"_jf_schedule_form":""},"product_brand":[],"product_cat":[17],"product_tag":[],"szoba_opciok":[],"class_list":{"0":"post-1464","1":"product","2":"type-product","3":"status-publish","4":"has-post-thumbnail","6":"product_cat-uncategorised","8":"first","9":"instock","10":"virtual","11":"sold-individually","12":"purchasable","13":"product-type-jet_booking"},"yoast_head":"<!-- This site is optimized with the Yoast SEO plugin v26.6 - https:\/\/yoast.com\/wordpress\/plugins\/seo\/ -->\n<title>Studio - Ground Floor - West (#14) - goodplacesutivan.com<\/title>\n<meta name=\"robots\" content=\"index, follow, max-snippet:-1, max-image-preview:large, max-video-preview:-1\" \/>\n<link rel=\"canonical\" href=\"https:\/\/goodplacesutivan.com\/hu\/termek\/studio-ground-floor-west-14\/\" \/>\n<meta property=\"og:locale\" content=\"hu_HU\" \/>\n<meta property=\"og:type\" content=\"article\" \/>\n<meta property=\"og:title\" content=\"Studio - Ground Floor - West (#14) - goodplacesutivan.com\" \/>\n<meta property=\"og:description\" content=\"The apartments on the ground floor have been recently reconstructed to match the ones on the upper floors. They represent the same level of high quality finish, modern design and luxurious comfort.\u00a0 This is also a 25-square-meter studio, an ideal choice for 2. It is a perfect blend of a bedroom, a fully-equipped kitchenette, \u00a0and [&hellip;]\" \/>\n<meta property=\"og:url\" content=\"https:\/\/goodplacesutivan.com\/hu\/termek\/studio-ground-floor-west-14\/\" \/>\n<meta property=\"og:site_name\" content=\"goodplacesutivan.com\" \/>\n<meta property=\"article:modified_time\" content=\"2026-02-13T13:33:08+00:00\" \/>\n<meta property=\"og:image\" content=\"http:\/\/goodplacesutivan.com\/wp-content\/uploads\/2025\/04\/IMGL7962.jpg\" \/>\n\t<meta property=\"og:image:width\" content=\"1500\" \/>\n\t<meta property=\"og:image:height\" content=\"1000\" \/>\n\t<meta property=\"og:image:type\" content=\"image\/jpeg\" \/>\n<meta name=\"twitter:card\" content=\"summary_large_image\" \/>\n<meta name=\"twitter:label1\" content=\"Becs\u00fclt olvas\u00e1si id\u0151\" \/>\n\t<meta name=\"twitter:data1\" content=\"2 perc\" \/>\n<script type=\"application\/ld+json\" class=\"yoast-schema-graph\">{\"@context\":\"https:\/\/schema.org\",\"@graph\":[{\"@type\":\"WebPage\",\"@id\":\"https:\/\/goodplacesutivan.com\/product\/studio-ground-floor-west-14\/\",\"url\":\"https:\/\/goodplacesutivan.com\/product\/studio-ground-floor-west-14\/\",\"name\":\"Studio - Ground Floor - West (#14) - goodplacesutivan.com\",\"isPartOf\":{\"@id\":\"https:\/\/goodplacesutivan.com\/#website\"},\"primaryImageOfPage\":{\"@id\":\"https:\/\/goodplacesutivan.com\/product\/studio-ground-floor-west-14\/#primaryimage\"},\"image\":{\"@id\":\"https:\/\/goodplacesutivan.com\/product\/studio-ground-floor-west-14\/#primaryimage\"},\"thumbnailUrl\":\"https:\/\/goodplacesutivan.com\/wp-content\/uploads\/2025\/04\/IMGL7962.jpg\",\"datePublished\":\"2023-11-28T19:00:08+00:00\",\"dateModified\":\"2026-02-13T13:33:08+00:00\",\"breadcrumb\":{\"@id\":\"https:\/\/goodplacesutivan.com\/product\/studio-ground-floor-west-14\/#breadcrumb\"},\"inLanguage\":\"hu\",\"potentialAction\":[{\"@type\":\"ReadAction\",\"target\":[\"https:\/\/goodplacesutivan.com\/product\/studio-ground-floor-west-14\/\"]}]},{\"@type\":\"ImageObject\",\"inLanguage\":\"hu\",\"@id\":\"https:\/\/goodplacesutivan.com\/product\/studio-ground-floor-west-14\/#primaryimage\",\"url\":\"https:\/\/goodplacesutivan.com\/wp-content\/uploads\/2025\/04\/IMGL7962.jpg\",\"contentUrl\":\"https:\/\/goodplacesutivan.com\/wp-content\/uploads\/2025\/04\/IMGL7962.jpg\",\"width\":1500,\"height\":1000},{\"@type\":\"BreadcrumbList\",\"@id\":\"https:\/\/goodplacesutivan.com\/product\/studio-ground-floor-west-14\/#breadcrumb\",\"itemListElement\":[{\"@type\":\"ListItem\",\"position\":1,\"name\":\"Home\",\"item\":\"https:\/\/goodplacesutivan.com\/\"},{\"@type\":\"ListItem\",\"position\":2,\"name\":\"Shop\",\"item\":\"https:\/\/goodplacesutivan.com\/shop\/\"},{\"@type\":\"ListItem\",\"position\":3,\"name\":\"Studio &#8211; Ground Floor &#8211; West (#14)\"}]},{\"@type\":\"WebSite\",\"@id\":\"https:\/\/goodplacesutivan.com\/#website\",\"url\":\"https:\/\/goodplacesutivan.com\/\",\"name\":\"goodplacesutivan.com\",\"description\":\"\",\"publisher\":{\"@id\":\"https:\/\/goodplacesutivan.com\/#organization\"},\"potentialAction\":[{\"@type\":\"SearchAction\",\"target\":{\"@type\":\"EntryPoint\",\"urlTemplate\":\"https:\/\/goodplacesutivan.com\/?s={search_term_string}\"},\"query-input\":{\"@type\":\"PropertyValueSpecification\",\"valueRequired\":true,\"valueName\":\"search_term_string\"}}],\"inLanguage\":\"hu\"},{\"@type\":\"Organization\",\"@id\":\"https:\/\/goodplacesutivan.com\/#organization\",\"name\":\"goodplacesutivan.com\",\"url\":\"https:\/\/goodplacesutivan.com\/\",\"logo\":{\"@type\":\"ImageObject\",\"inLanguage\":\"hu\",\"@id\":\"https:\/\/goodplacesutivan.com\/#\/schema\/logo\/image\/\",\"url\":\"https:\/\/goodplacesutivan.com\/wp-content\/uploads\/2023\/10\/sotetebb_TGP_Logo.png\",\"contentUrl\":\"https:\/\/goodplacesutivan.com\/wp-content\/uploads\/2023\/10\/sotetebb_TGP_Logo.png\",\"width\":500,\"height\":500,\"caption\":\"goodplacesutivan.com\"},\"image\":{\"@id\":\"https:\/\/goodplacesutivan.com\/#\/schema\/logo\/image\/\"}}]}<\/script>\n<!-- \/ Yoast SEO plugin. -->","yoast_head_json":{"title":"Studio - Ground Floor - West (#14) - goodplacesutivan.com","robots":{"index":"index","follow":"follow","max-snippet":"max-snippet:-1","max-image-preview":"max-image-preview:large","max-video-preview":"max-video-preview:-1"},"canonical":"https:\/\/goodplacesutivan.com\/hu\/termek\/studio-ground-floor-west-14\/","og_locale":"hu_HU","og_type":"article","og_title":"Studio - Ground Floor - West (#14) - goodplacesutivan.com","og_description":"The apartments on the ground floor have been recently reconstructed to match the ones on the upper floors. They represent the same level of high quality finish, modern design and luxurious comfort.\u00a0 This is also a 25-square-meter studio, an ideal choice for 2. It is a perfect blend of a bedroom, a fully-equipped kitchenette, \u00a0and [&hellip;]","og_url":"https:\/\/goodplacesutivan.com\/hu\/termek\/studio-ground-floor-west-14\/","og_site_name":"goodplacesutivan.com","article_modified_time":"2026-02-13T13:33:08+00:00","og_image":[{"width":1500,"height":1000,"url":"http:\/\/goodplacesutivan.com\/wp-content\/uploads\/2025\/04\/IMGL7962.jpg","type":"image\/jpeg"}],"twitter_card":"summary_large_image","twitter_misc":{"Becs\u00fclt olvas\u00e1si id\u0151":"2 perc"},"schema":{"@context":"https:\/\/schema.org","@graph":[{"@type":"WebPage","@id":"https:\/\/goodplacesutivan.com\/product\/studio-ground-floor-west-14\/","url":"https:\/\/goodplacesutivan.com\/product\/studio-ground-floor-west-14\/","name":"Studio - Ground Floor - West (#14) - goodplacesutivan.com","isPartOf":{"@id":"https:\/\/goodplacesutivan.com\/#website"},"primaryImageOfPage":{"@id":"https:\/\/goodplacesutivan.com\/product\/studio-ground-floor-west-14\/#primaryimage"},"image":{"@id":"https:\/\/goodplacesutivan.com\/product\/studio-ground-floor-west-14\/#primaryimage"},"thumbnailUrl":"https:\/\/goodplacesutivan.com\/wp-content\/uploads\/2025\/04\/IMGL7962.jpg","datePublished":"2023-11-28T19:00:08+00:00","dateModified":"2026-02-13T13:33:08+00:00","breadcrumb":{"@id":"https:\/\/goodplacesutivan.com\/product\/studio-ground-floor-west-14\/#breadcrumb"},"inLanguage":"hu","potentialAction":[{"@type":"ReadAction","target":["https:\/\/goodplacesutivan.com\/product\/studio-ground-floor-west-14\/"]}]},{"@type":"ImageObject","inLanguage":"hu","@id":"https:\/\/goodplacesutivan.com\/product\/studio-ground-floor-west-14\/#primaryimage","url":"https:\/\/goodplacesutivan.com\/wp-content\/uploads\/2025\/04\/IMGL7962.jpg","contentUrl":"https:\/\/goodplacesutivan.com\/wp-content\/uploads\/2025\/04\/IMGL7962.jpg","width":1500,"height":1000},{"@type":"BreadcrumbList","@id":"https:\/\/goodplacesutivan.com\/product\/studio-ground-floor-west-14\/#breadcrumb","itemListElement":[{"@type":"ListItem","position":1,"name":"Home","item":"https:\/\/goodplacesutivan.com\/"},{"@type":"ListItem","position":2,"name":"Shop","item":"https:\/\/goodplacesutivan.com\/shop\/"},{"@type":"ListItem","position":3,"name":"Studio &#8211; Ground Floor &#8211; West (#14)"}]},{"@type":"WebSite","@id":"https:\/\/goodplacesutivan.com\/#website","url":"https:\/\/goodplacesutivan.com\/","name":"goodplacesutivan.com","description":"","publisher":{"@id":"https:\/\/goodplacesutivan.com\/#organization"},"potentialAction":[{"@type":"SearchAction","target":{"@type":"EntryPoint","urlTemplate":"https:\/\/goodplacesutivan.com\/?s={search_term_string}"},"query-input":{"@type":"PropertyValueSpecification","valueRequired":true,"valueName":"search_term_string"}}],"inLanguage":"hu"},{"@type":"Organization","@id":"https:\/\/goodplacesutivan.com\/#organization","name":"goodplacesutivan.com","url":"https:\/\/goodplacesutivan.com\/","logo":{"@type":"ImageObject","inLanguage":"hu","@id":"https:\/\/goodplacesutivan.com\/#\/schema\/logo\/image\/","url":"https:\/\/goodplacesutivan.com\/wp-content\/uploads\/2023\/10\/sotetebb_TGP_Logo.png","contentUrl":"https:\/\/goodplacesutivan.com\/wp-content\/uploads\/2023\/10\/sotetebb_TGP_Logo.png","width":500,"height":500,"caption":"goodplacesutivan.com"},"image":{"@id":"https:\/\/goodplacesutivan.com\/#\/schema\/logo\/image\/"}}]}},"_links":{"self":[{"href":"https:\/\/goodplacesutivan.com\/hu\/wp-json\/wp\/v2\/product\/1464","targetHints":{"allow":["GET"]}}],"collection":[{"href":"https:\/\/goodplacesutivan.com\/hu\/wp-json\/wp\/v2\/product"}],"about":[{"href":"https:\/\/goodplacesutivan.com\/hu\/wp-json\/wp\/v2\/types\/product"}],"replies":[{"embeddable":true,"href":"https:\/\/goodplacesutivan.com\/hu\/wp-json\/wp\/v2\/comments?post=1464"}],"wp:featuredmedia":[{"embeddable":true,"href":"https:\/\/goodplacesutivan.com\/hu\/wp-json\/wp\/v2\/media\/2025"}],"wp:attachment":[{"href":"https:\/\/goodplacesutivan.com\/hu\/wp-json\/wp\/v2\/media?parent=1464"}],"wp:term":[{"taxonomy":"product_brand","embeddable":true,"href":"https:\/\/goodplacesutivan.com\/hu\/wp-json\/wp\/v2\/product_brand?post=1464"},{"taxonomy":"product_cat","embeddable":true,"href":"https:\/\/goodplacesutivan.com\/hu\/wp-json\/wp\/v2\/product_cat?post=1464"},{"taxonomy":"product_tag","embeddable":true,"href":"https:\/\/goodplacesutivan.com\/hu\/wp-json\/wp\/v2\/product_tag?post=1464"},{"taxonomy":"szoba_opciok","embeddable":true,"href":"https:\/\/goodplacesutivan.com\/hu\/wp-json\/wp\/v2\/szoba_opciok?post=1464"}],"curies":[{"name":"wp","href":"https:\/\/api.w.org\/{rel}","templated":true}]}}