{"id":1460,"date":"2023-11-28T19:01:04","date_gmt":"2023-11-28T19:01:04","guid":{"rendered":"https:\/\/goodplacesutivan.com\/?post_type=product&#038;p=1460"},"modified":"2026-02-13T14:32:07","modified_gmt":"2026-02-13T13:32:07","slug":"apartment-ground-floor-west-13","status":"publish","type":"product","link":"https:\/\/goodplacesutivan.com\/de\/produkt\/apartment-ground-floor-west-13\/","title":{"rendered":"Apartment \u2013 Erdgeschoss \u2013 Westen (#13)"},"content":{"rendered":"<p><strong>Die Wohnungen im Erdgeschoss wurden k\u00fcrzlich renoviert und entsprechen denen in den oberen Stockwerken. Sie bieten die gleiche hochwertige Ausstattung, modernes Design und luxuri\u00f6sen Komfort.\u00a0<\/strong><\/p>\n<p>Es handelt sich hierbei um eine ebenfalls 36 Quadratmeter gro\u00dfe Apartment mit einem ger\u00e4umigen Wohnzimmer, einem Schlafzimmer, einer voll ausgestatteten K\u00fcche, einem Badezimmer und einer 13 Quadratmeter gro\u00dfen Terrasse. Sie ist eine ideale Wahl f\u00fcr 2-4 Personen.<\/p>\n<p>Obwohl sich dieses Apartment im Erdgeschoss befindet, bietet die Terrasse einen au\u00dfergew\u00f6hnli-chen Aussichtspunkt, von dem aus Sie einen bezaubernden Blick auf das Meer genie\u00dfen k\u00f6nnen. Ganz gleich, ob Sie bei einer gem\u00fctlichen Mahlzeit sitzen, die W\u00e4rme der Sonne genie\u00dfen oder ein-fach nur die Landschaft betrachten m\u00f6chten - die Terrasse bietet eine Verbindung zur Sch\u00f6nheit der Adria.<\/p>\n<p class=\"translation-block\"><strong>Haustierfreundlich Apartment:<\/strong> Wir verstehen, dass Ihre pelzigen Freunde ein wichtiger Teil Ihres Lebens sind. Daher sind in dieser Wohnung Haustiere herzlich willkommen. Genie\u00dfen Sie den Komfort unserer ger\u00e4umigen Zimmer und die zus\u00e4tzliche Freude, Ihre Haustiere an Ihrer Seite zu haben. Wir empfehlen unseren Bewohnern, darauf zu achten, dass ihre Hunde gut erzogen sind und sich angemessen verhalten, um eine friedliche und entspannte Umgebung f\u00fcr alle zu gew\u00e4hrleisten. Kontaktieren Sie uns f\u00fcr weitere Informationen zu unseren Haustierrichtlinien und machen Sie Ihren Aufenthalt zu einem Paradies f\u00fcr Sie und Ihre geliebten Haustiere.<\/p>","protected":false},"excerpt":{"rendered":"<p>The apartments on the ground floor have been recently reconstructed to match the ones on the upper floors. They represent the same level of high quality finish, modern design and luxurious comfort.\u00a0 This is also a 36-square-meter apartment with a spacious living room, a bedroom, a fully-equipped kitchen, \u00a0a bathroom and a 13-square-meter terrace. It [&hellip;]<\/p>","protected":false},"featured_media":2032,"comment_status":"open","ping_status":"closed","template":"","meta":{"_jf_schedule_form":""},"product_brand":[],"product_cat":[17],"product_tag":[],"szoba_opciok":[],"class_list":{"0":"post-1460","1":"product","2":"type-product","3":"status-publish","4":"has-post-thumbnail","6":"product_cat-uncategorised","8":"first","9":"instock","10":"virtual","11":"sold-individually","12":"purchasable","13":"product-type-jet_booking"},"yoast_head":"<!-- This site is optimized with the Yoast SEO plugin v26.6 - https:\/\/yoast.com\/wordpress\/plugins\/seo\/ -->\n<title>Apartment - Ground Floor - West (#13) - goodplacesutivan.com<\/title>\n<meta name=\"robots\" content=\"index, follow, max-snippet:-1, max-image-preview:large, max-video-preview:-1\" \/>\n<link rel=\"canonical\" href=\"https:\/\/goodplacesutivan.com\/de\/produkt\/apartment-ground-floor-west-13\/\" \/>\n<meta property=\"og:locale\" content=\"de_DE\" \/>\n<meta property=\"og:type\" content=\"article\" \/>\n<meta property=\"og:title\" content=\"Apartment - Ground Floor - West (#13) - goodplacesutivan.com\" \/>\n<meta property=\"og:description\" content=\"The apartments on the ground floor have been recently reconstructed to match the ones on the upper floors. They represent the same level of high quality finish, modern design and luxurious comfort.\u00a0 This is also a 36-square-meter apartment with a spacious living room, a bedroom, a fully-equipped kitchen, \u00a0a bathroom and a 13-square-meter terrace. It [&hellip;]\" \/>\n<meta property=\"og:url\" content=\"https:\/\/goodplacesutivan.com\/de\/produkt\/apartment-ground-floor-west-13\/\" \/>\n<meta property=\"og:site_name\" content=\"goodplacesutivan.com\" \/>\n<meta property=\"article:modified_time\" content=\"2026-02-13T13:32:07+00:00\" \/>\n<meta property=\"og:image\" content=\"http:\/\/goodplacesutivan.com\/wp-content\/uploads\/2025\/04\/IMGL7970.jpg\" \/>\n\t<meta property=\"og:image:width\" content=\"1455\" \/>\n\t<meta property=\"og:image:height\" content=\"970\" \/>\n\t<meta property=\"og:image:type\" content=\"image\/jpeg\" \/>\n<meta name=\"twitter:card\" content=\"summary_large_image\" \/>\n<meta name=\"twitter:label1\" content=\"Gesch\u00e4tzte Lesezeit\" \/>\n\t<meta name=\"twitter:data1\" content=\"2\u00a0Minuten\" \/>\n<script type=\"application\/ld+json\" class=\"yoast-schema-graph\">{\"@context\":\"https:\/\/schema.org\",\"@graph\":[{\"@type\":\"WebPage\",\"@id\":\"https:\/\/goodplacesutivan.com\/product\/apartment-ground-floor-west-13\/\",\"url\":\"https:\/\/goodplacesutivan.com\/product\/apartment-ground-floor-west-13\/\",\"name\":\"Apartment - Ground Floor - West (#13) - goodplacesutivan.com\",\"isPartOf\":{\"@id\":\"https:\/\/goodplacesutivan.com\/#website\"},\"primaryImageOfPage\":{\"@id\":\"https:\/\/goodplacesutivan.com\/product\/apartment-ground-floor-west-13\/#primaryimage\"},\"image\":{\"@id\":\"https:\/\/goodplacesutivan.com\/product\/apartment-ground-floor-west-13\/#primaryimage\"},\"thumbnailUrl\":\"https:\/\/goodplacesutivan.com\/wp-content\/uploads\/2025\/04\/IMGL7970.jpg\",\"datePublished\":\"2023-11-28T19:01:04+00:00\",\"dateModified\":\"2026-02-13T13:32:07+00:00\",\"breadcrumb\":{\"@id\":\"https:\/\/goodplacesutivan.com\/product\/apartment-ground-floor-west-13\/#breadcrumb\"},\"inLanguage\":\"de\",\"potentialAction\":[{\"@type\":\"ReadAction\",\"target\":[\"https:\/\/goodplacesutivan.com\/product\/apartment-ground-floor-west-13\/\"]}]},{\"@type\":\"ImageObject\",\"inLanguage\":\"de\",\"@id\":\"https:\/\/goodplacesutivan.com\/product\/apartment-ground-floor-west-13\/#primaryimage\",\"url\":\"https:\/\/goodplacesutivan.com\/wp-content\/uploads\/2025\/04\/IMGL7970.jpg\",\"contentUrl\":\"https:\/\/goodplacesutivan.com\/wp-content\/uploads\/2025\/04\/IMGL7970.jpg\",\"width\":1455,\"height\":970},{\"@type\":\"BreadcrumbList\",\"@id\":\"https:\/\/goodplacesutivan.com\/product\/apartment-ground-floor-west-13\/#breadcrumb\",\"itemListElement\":[{\"@type\":\"ListItem\",\"position\":1,\"name\":\"Home\",\"item\":\"https:\/\/goodplacesutivan.com\/\"},{\"@type\":\"ListItem\",\"position\":2,\"name\":\"Shop\",\"item\":\"https:\/\/goodplacesutivan.com\/shop\/\"},{\"@type\":\"ListItem\",\"position\":3,\"name\":\"Apartment &#8211; Ground Floor &#8211; West (#13)\"}]},{\"@type\":\"WebSite\",\"@id\":\"https:\/\/goodplacesutivan.com\/#website\",\"url\":\"https:\/\/goodplacesutivan.com\/\",\"name\":\"goodplacesutivan.com\",\"description\":\"\",\"publisher\":{\"@id\":\"https:\/\/goodplacesutivan.com\/#organization\"},\"potentialAction\":[{\"@type\":\"SearchAction\",\"target\":{\"@type\":\"EntryPoint\",\"urlTemplate\":\"https:\/\/goodplacesutivan.com\/?s={search_term_string}\"},\"query-input\":{\"@type\":\"PropertyValueSpecification\",\"valueRequired\":true,\"valueName\":\"search_term_string\"}}],\"inLanguage\":\"de\"},{\"@type\":\"Organization\",\"@id\":\"https:\/\/goodplacesutivan.com\/#organization\",\"name\":\"goodplacesutivan.com\",\"url\":\"https:\/\/goodplacesutivan.com\/\",\"logo\":{\"@type\":\"ImageObject\",\"inLanguage\":\"de\",\"@id\":\"https:\/\/goodplacesutivan.com\/#\/schema\/logo\/image\/\",\"url\":\"https:\/\/goodplacesutivan.com\/wp-content\/uploads\/2023\/10\/sotetebb_TGP_Logo.png\",\"contentUrl\":\"https:\/\/goodplacesutivan.com\/wp-content\/uploads\/2023\/10\/sotetebb_TGP_Logo.png\",\"width\":500,\"height\":500,\"caption\":\"goodplacesutivan.com\"},\"image\":{\"@id\":\"https:\/\/goodplacesutivan.com\/#\/schema\/logo\/image\/\"}}]}<\/script>\n<!-- \/ Yoast SEO plugin. -->","yoast_head_json":{"title":"Apartment - Ground Floor - West (#13) - goodplacesutivan.com","robots":{"index":"index","follow":"follow","max-snippet":"max-snippet:-1","max-image-preview":"max-image-preview:large","max-video-preview":"max-video-preview:-1"},"canonical":"https:\/\/goodplacesutivan.com\/de\/produkt\/apartment-ground-floor-west-13\/","og_locale":"de_DE","og_type":"article","og_title":"Apartment - Ground Floor - West (#13) - goodplacesutivan.com","og_description":"The apartments on the ground floor have been recently reconstructed to match the ones on the upper floors. They represent the same level of high quality finish, modern design and luxurious comfort.\u00a0 This is also a 36-square-meter apartment with a spacious living room, a bedroom, a fully-equipped kitchen, \u00a0a bathroom and a 13-square-meter terrace. It [&hellip;]","og_url":"https:\/\/goodplacesutivan.com\/de\/produkt\/apartment-ground-floor-west-13\/","og_site_name":"goodplacesutivan.com","article_modified_time":"2026-02-13T13:32:07+00:00","og_image":[{"width":1455,"height":970,"url":"http:\/\/goodplacesutivan.com\/wp-content\/uploads\/2025\/04\/IMGL7970.jpg","type":"image\/jpeg"}],"twitter_card":"summary_large_image","twitter_misc":{"Gesch\u00e4tzte Lesezeit":"2\u00a0Minuten"},"schema":{"@context":"https:\/\/schema.org","@graph":[{"@type":"WebPage","@id":"https:\/\/goodplacesutivan.com\/product\/apartment-ground-floor-west-13\/","url":"https:\/\/goodplacesutivan.com\/product\/apartment-ground-floor-west-13\/","name":"Apartment - Ground Floor - West (#13) - goodplacesutivan.com","isPartOf":{"@id":"https:\/\/goodplacesutivan.com\/#website"},"primaryImageOfPage":{"@id":"https:\/\/goodplacesutivan.com\/product\/apartment-ground-floor-west-13\/#primaryimage"},"image":{"@id":"https:\/\/goodplacesutivan.com\/product\/apartment-ground-floor-west-13\/#primaryimage"},"thumbnailUrl":"https:\/\/goodplacesutivan.com\/wp-content\/uploads\/2025\/04\/IMGL7970.jpg","datePublished":"2023-11-28T19:01:04+00:00","dateModified":"2026-02-13T13:32:07+00:00","breadcrumb":{"@id":"https:\/\/goodplacesutivan.com\/product\/apartment-ground-floor-west-13\/#breadcrumb"},"inLanguage":"de","potentialAction":[{"@type":"ReadAction","target":["https:\/\/goodplacesutivan.com\/product\/apartment-ground-floor-west-13\/"]}]},{"@type":"ImageObject","inLanguage":"de","@id":"https:\/\/goodplacesutivan.com\/product\/apartment-ground-floor-west-13\/#primaryimage","url":"https:\/\/goodplacesutivan.com\/wp-content\/uploads\/2025\/04\/IMGL7970.jpg","contentUrl":"https:\/\/goodplacesutivan.com\/wp-content\/uploads\/2025\/04\/IMGL7970.jpg","width":1455,"height":970},{"@type":"BreadcrumbList","@id":"https:\/\/goodplacesutivan.com\/product\/apartment-ground-floor-west-13\/#breadcrumb","itemListElement":[{"@type":"ListItem","position":1,"name":"Home","item":"https:\/\/goodplacesutivan.com\/"},{"@type":"ListItem","position":2,"name":"Shop","item":"https:\/\/goodplacesutivan.com\/shop\/"},{"@type":"ListItem","position":3,"name":"Apartment &#8211; Ground Floor &#8211; West (#13)"}]},{"@type":"WebSite","@id":"https:\/\/goodplacesutivan.com\/#website","url":"https:\/\/goodplacesutivan.com\/","name":"goodplacesutivan.com","description":"","publisher":{"@id":"https:\/\/goodplacesutivan.com\/#organization"},"potentialAction":[{"@type":"SearchAction","target":{"@type":"EntryPoint","urlTemplate":"https:\/\/goodplacesutivan.com\/?s={search_term_string}"},"query-input":{"@type":"PropertyValueSpecification","valueRequired":true,"valueName":"search_term_string"}}],"inLanguage":"de"},{"@type":"Organization","@id":"https:\/\/goodplacesutivan.com\/#organization","name":"goodplacesutivan.com","url":"https:\/\/goodplacesutivan.com\/","logo":{"@type":"ImageObject","inLanguage":"de","@id":"https:\/\/goodplacesutivan.com\/#\/schema\/logo\/image\/","url":"https:\/\/goodplacesutivan.com\/wp-content\/uploads\/2023\/10\/sotetebb_TGP_Logo.png","contentUrl":"https:\/\/goodplacesutivan.com\/wp-content\/uploads\/2023\/10\/sotetebb_TGP_Logo.png","width":500,"height":500,"caption":"goodplacesutivan.com"},"image":{"@id":"https:\/\/goodplacesutivan.com\/#\/schema\/logo\/image\/"}}]}},"_links":{"self":[{"href":"https:\/\/goodplacesutivan.com\/de\/wp-json\/wp\/v2\/product\/1460","targetHints":{"allow":["GET"]}}],"collection":[{"href":"https:\/\/goodplacesutivan.com\/de\/wp-json\/wp\/v2\/product"}],"about":[{"href":"https:\/\/goodplacesutivan.com\/de\/wp-json\/wp\/v2\/types\/product"}],"replies":[{"embeddable":true,"href":"https:\/\/goodplacesutivan.com\/de\/wp-json\/wp\/v2\/comments?post=1460"}],"wp:featuredmedia":[{"embeddable":true,"href":"https:\/\/goodplacesutivan.com\/de\/wp-json\/wp\/v2\/media\/2032"}],"wp:attachment":[{"href":"https:\/\/goodplacesutivan.com\/de\/wp-json\/wp\/v2\/media?parent=1460"}],"wp:term":[{"taxonomy":"product_brand","embeddable":true,"href":"https:\/\/goodplacesutivan.com\/de\/wp-json\/wp\/v2\/product_brand?post=1460"},{"taxonomy":"product_cat","embeddable":true,"href":"https:\/\/goodplacesutivan.com\/de\/wp-json\/wp\/v2\/product_cat?post=1460"},{"taxonomy":"product_tag","embeddable":true,"href":"https:\/\/goodplacesutivan.com\/de\/wp-json\/wp\/v2\/product_tag?post=1460"},{"taxonomy":"szoba_opciok","embeddable":true,"href":"https:\/\/goodplacesutivan.com\/de\/wp-json\/wp\/v2\/szoba_opciok?post=1460"}],"curies":[{"name":"wp","href":"https:\/\/api.w.org\/{rel}","templated":true}]}}